{"id":594,"date":"2020-09-17T09:31:42","date_gmt":"2020-09-17T07:31:42","guid":{"rendered":"http:\/\/www.tv-schafbruecke.de\/?page_id=594"},"modified":"2023-11-13T09:48:57","modified_gmt":"2023-11-13T08:48:57","slug":"die-welt-der-zirkuskuenste","status":"publish","type":"page","link":"https:\/\/www.tv-schafbruecke.de\/index.php\/die-welt-der-zirkuskuenste\/","title":{"rendered":"Die Welt der Zirkusk\u00fcnste"},"content":{"rendered":"\n<h4 class=\"wp-block-heading\">Die Zirkus AG<\/h4>\n\n\n\n<h5 class=\"wp-block-heading\">Das besondere Angebot des TV Schafbr\u00fccke.<\/h5>\n\n\n\n<figure class=\"wp-block-image alignwide size-large\"><img loading=\"lazy\" decoding=\"async\" width=\"663\" height=\"442\" src=\"http:\/\/www.tv-schafbruecke.de\/wp-content\/uploads\/2020\/05\/HECKMECK32.jpg\" alt=\"\" class=\"wp-image-355\"\/><\/figure>\n\n\n\n<p>Seit vielen Jahren sind die Teilnehmer von diesem etwas anderen Angebot begeistert: Jeden Samstag von 10 bis 12 Uhr bietet der Turnverein Schafbr\u00fccke unter der Leitung von Peter Oberbillig eine Zirkus AG an. Kinder und Jugendliche ab 6 Jahren k\u00f6nnen von Einradfahren \u00fcber Laufen auf einer dicken Kugel oder Tonne bis hin zu Diabolo und Devilstick Spielen oder Jonglieren alles ausprobieren oder weiter verbessern.<\/p>\n\n\n\n<p>Anf\u00e4nger sind jederzeit herzlich willkommen \u2013 unsere T\u00fcr steht immer offen!<\/p>\n\n\n\n<p>Der erfahrene \u00dcbungsleiter Peter Oberbillig unterst\u00fctzt die jungen K\u00fcnstler und gibt Ihnen hilfreiche Tipps. Beim Ausprobieren der eigenen F\u00e4higkeiten k\u00f6nnen die Kinder und Jugendlichen ihre Grenzen erkunden, aber \u2013 der Spa\u00df kommt dabei nie zu kurz. <\/p>\n\n\n\n<p>Alle Interessierten k\u00f6nnen samstags an der Turnhalle am Unteren Geisberg 20 einfach vorbeikommen und Zirkusk\u00fcnste erlernen.<br>(Hallensportschuhe &amp; gute Laune bitte mitbringen).<\/p>\n\n\n\n<p class=\"has-accent-background-color has-background\">Informationen zur Zirkus AG erteilt gerne Peter Oberbillig unter 0178 &#8211; 132 73 53.<\/p>\n\n\n\n<figure class=\"wp-block-gallery has-nested-images columns-default is-cropped wp-block-gallery-1 is-layout-flex wp-block-gallery-is-layout-flex\">\n<figure class=\"wp-block-image size-large\"><img loading=\"lazy\" decoding=\"async\" width=\"1024\" height=\"1024\" data-id=\"626\" src=\"https:\/\/www.tv-schafbruecke.de\/wp-content\/uploads\/2020\/09\/wz_web-Zirkus_AG_13.06-7-1024x1024.jpg\" alt=\"\" class=\"wp-image-626\" srcset=\"https:\/\/www.tv-schafbruecke.de\/wp-content\/uploads\/2020\/09\/wz_web-Zirkus_AG_13.06-7-1024x1024.jpg 1024w, https:\/\/www.tv-schafbruecke.de\/wp-content\/uploads\/2020\/09\/wz_web-Zirkus_AG_13.06-7-300x300.jpg 300w, https:\/\/www.tv-schafbruecke.de\/wp-content\/uploads\/2020\/09\/wz_web-Zirkus_AG_13.06-7-150x150.jpg 150w, https:\/\/www.tv-schafbruecke.de\/wp-content\/uploads\/2020\/09\/wz_web-Zirkus_AG_13.06-7-768x768.jpg 768w, https:\/\/www.tv-schafbruecke.de\/wp-content\/uploads\/2020\/09\/wz_web-Zirkus_AG_13.06-7-1536x1536.jpg 1536w, https:\/\/www.tv-schafbruecke.de\/wp-content\/uploads\/2020\/09\/wz_web-Zirkus_AG_13.06-7-1200x1200.jpg 1200w, https:\/\/www.tv-schafbruecke.de\/wp-content\/uploads\/2020\/09\/wz_web-Zirkus_AG_13.06-7.jpg 1600w\" sizes=\"auto, (max-width: 1024px) 100vw, 1024px\" \/><\/figure>\n\n\n\n<figure class=\"wp-block-image size-large\"><img loading=\"lazy\" decoding=\"async\" width=\"1024\" height=\"1024\" data-id=\"628\" src=\"https:\/\/www.tv-schafbruecke.de\/wp-content\/uploads\/2020\/09\/wz_web-JonglageKeule-1-1024x1024.png\" alt=\"\" class=\"wp-image-628\" srcset=\"https:\/\/www.tv-schafbruecke.de\/wp-content\/uploads\/2020\/09\/wz_web-JonglageKeule-1-1024x1024.png 1024w, https:\/\/www.tv-schafbruecke.de\/wp-content\/uploads\/2020\/09\/wz_web-JonglageKeule-1-300x300.png 300w, https:\/\/www.tv-schafbruecke.de\/wp-content\/uploads\/2020\/09\/wz_web-JonglageKeule-1-150x150.png 150w, https:\/\/www.tv-schafbruecke.de\/wp-content\/uploads\/2020\/09\/wz_web-JonglageKeule-1-768x768.png 768w, https:\/\/www.tv-schafbruecke.de\/wp-content\/uploads\/2020\/09\/wz_web-JonglageKeule-1-1536x1536.png 1536w, https:\/\/www.tv-schafbruecke.de\/wp-content\/uploads\/2020\/09\/wz_web-JonglageKeule-1-1200x1200.png 1200w, https:\/\/www.tv-schafbruecke.de\/wp-content\/uploads\/2020\/09\/wz_web-JonglageKeule-1.png 1600w\" sizes=\"auto, (max-width: 1024px) 100vw, 1024px\" \/><\/figure>\n\n\n\n<figure class=\"wp-block-image size-large\"><img loading=\"lazy\" decoding=\"async\" width=\"1024\" height=\"683\" data-id=\"627\" src=\"https:\/\/www.tv-schafbruecke.de\/wp-content\/uploads\/2020\/09\/wz_web-Zirkus_AG_13.06-2-1024x683.jpg\" alt=\"\" class=\"wp-image-627\" srcset=\"https:\/\/www.tv-schafbruecke.de\/wp-content\/uploads\/2020\/09\/wz_web-Zirkus_AG_13.06-2-1024x683.jpg 1024w, https:\/\/www.tv-schafbruecke.de\/wp-content\/uploads\/2020\/09\/wz_web-Zirkus_AG_13.06-2-300x200.jpg 300w, https:\/\/www.tv-schafbruecke.de\/wp-content\/uploads\/2020\/09\/wz_web-Zirkus_AG_13.06-2-768x512.jpg 768w, https:\/\/www.tv-schafbruecke.de\/wp-content\/uploads\/2020\/09\/wz_web-Zirkus_AG_13.06-2-1536x1024.jpg 1536w, https:\/\/www.tv-schafbruecke.de\/wp-content\/uploads\/2020\/09\/wz_web-Zirkus_AG_13.06-2-1200x800.jpg 1200w, https:\/\/www.tv-schafbruecke.de\/wp-content\/uploads\/2020\/09\/wz_web-Zirkus_AG_13.06-2.jpg 1600w\" sizes=\"auto, (max-width: 1024px) 100vw, 1024px\" \/><\/figure>\n\n\n\n<figure class=\"wp-block-image size-large\"><img loading=\"lazy\" decoding=\"async\" width=\"1024\" height=\"1024\" data-id=\"629\" src=\"https:\/\/www.tv-schafbruecke.de\/wp-content\/uploads\/2020\/09\/wz_web-Jonglage_33-1024x1024.png\" alt=\"\" class=\"wp-image-629\" srcset=\"https:\/\/www.tv-schafbruecke.de\/wp-content\/uploads\/2020\/09\/wz_web-Jonglage_33-1024x1024.png 1024w, https:\/\/www.tv-schafbruecke.de\/wp-content\/uploads\/2020\/09\/wz_web-Jonglage_33-300x300.png 300w, https:\/\/www.tv-schafbruecke.de\/wp-content\/uploads\/2020\/09\/wz_web-Jonglage_33-150x150.png 150w, https:\/\/www.tv-schafbruecke.de\/wp-content\/uploads\/2020\/09\/wz_web-Jonglage_33-768x768.png 768w, https:\/\/www.tv-schafbruecke.de\/wp-content\/uploads\/2020\/09\/wz_web-Jonglage_33-1536x1536.png 1536w, https:\/\/www.tv-schafbruecke.de\/wp-content\/uploads\/2020\/09\/wz_web-Jonglage_33-1200x1200.png 1200w, https:\/\/www.tv-schafbruecke.de\/wp-content\/uploads\/2020\/09\/wz_web-Jonglage_33.png 1600w\" sizes=\"auto, (max-width: 1024px) 100vw, 1024px\" \/><\/figure>\n\n\n\n<figure class=\"wp-block-image size-large\"><img loading=\"lazy\" decoding=\"async\" width=\"1024\" height=\"1024\" data-id=\"631\" src=\"https:\/\/www.tv-schafbruecke.de\/wp-content\/uploads\/2020\/09\/wz_web-Jonglage_11-1024x1024.jpg\" alt=\"\" class=\"wp-image-631\" srcset=\"https:\/\/www.tv-schafbruecke.de\/wp-content\/uploads\/2020\/09\/wz_web-Jonglage_11-1024x1024.jpg 1024w, https:\/\/www.tv-schafbruecke.de\/wp-content\/uploads\/2020\/09\/wz_web-Jonglage_11-300x300.jpg 300w, https:\/\/www.tv-schafbruecke.de\/wp-content\/uploads\/2020\/09\/wz_web-Jonglage_11-150x150.jpg 150w, https:\/\/www.tv-schafbruecke.de\/wp-content\/uploads\/2020\/09\/wz_web-Jonglage_11-768x768.jpg 768w, https:\/\/www.tv-schafbruecke.de\/wp-content\/uploads\/2020\/09\/wz_web-Jonglage_11-1536x1536.jpg 1536w, https:\/\/www.tv-schafbruecke.de\/wp-content\/uploads\/2020\/09\/wz_web-Jonglage_11-1200x1200.jpg 1200w, https:\/\/www.tv-schafbruecke.de\/wp-content\/uploads\/2020\/09\/wz_web-Jonglage_11.jpg 1600w\" sizes=\"auto, (max-width: 1024px) 100vw, 1024px\" \/><\/figure>\n\n\n\n<figure class=\"wp-block-image size-large\"><img loading=\"lazy\" decoding=\"async\" width=\"1024\" height=\"1024\" data-id=\"630\" src=\"https:\/\/www.tv-schafbruecke.de\/wp-content\/uploads\/2020\/09\/wz_web-Jonglage_22-1024x1024.png\" alt=\"\" class=\"wp-image-630\" srcset=\"https:\/\/www.tv-schafbruecke.de\/wp-content\/uploads\/2020\/09\/wz_web-Jonglage_22-1024x1024.png 1024w, https:\/\/www.tv-schafbruecke.de\/wp-content\/uploads\/2020\/09\/wz_web-Jonglage_22-300x300.png 300w, https:\/\/www.tv-schafbruecke.de\/wp-content\/uploads\/2020\/09\/wz_web-Jonglage_22-150x150.png 150w, https:\/\/www.tv-schafbruecke.de\/wp-content\/uploads\/2020\/09\/wz_web-Jonglage_22-768x768.png 768w, https:\/\/www.tv-schafbruecke.de\/wp-content\/uploads\/2020\/09\/wz_web-Jonglage_22-1536x1536.png 1536w, https:\/\/www.tv-schafbruecke.de\/wp-content\/uploads\/2020\/09\/wz_web-Jonglage_22-1200x1200.png 1200w, https:\/\/www.tv-schafbruecke.de\/wp-content\/uploads\/2020\/09\/wz_web-Jonglage_22.png 1600w\" sizes=\"auto, (max-width: 1024px) 100vw, 1024px\" \/><\/figure>\n<\/figure>\n\n\n\n<figure class=\"wp-block-video aligncenter\"><video height=\"720\" style=\"aspect-ratio: 1280 \/ 720;\" width=\"1280\" controls src=\"http:\/\/www.tv-schafbruecke.de\/wp-content\/uploads\/2020\/09\/Zirkus_AG_13.06-12.mp4\"><\/video><\/figure>\n\n\n\n<figure class=\"wp-block-video aligncenter\"><video height=\"720\" style=\"aspect-ratio: 1280 \/ 720;\" width=\"1280\" controls src=\"http:\/\/www.tv-schafbruecke.de\/wp-content\/uploads\/2020\/09\/Zirkus_AG_13.06-11.mp4\"><\/video><\/figure>\n\n\n\n<figure class=\"wp-block-video aligncenter\"><video controls poster=\"\" src=\"http:\/\/www.tv-schafbruecke.de\/wp-content\/uploads\/2020\/09\/Zirkus_AG_13.06-16.mp4\"><\/video><\/figure>\n\n\n\n<p><\/p>\n","protected":false},"excerpt":{"rendered":"<p>Die Zirkus AG Das besondere Angebot des TV Schafbr\u00fccke. Seit vielen Jahren sind die Teilnehmer von diesem etwas anderen Angebot begeistert: Jeden Samstag von 10 bis 12 Uhr bietet der Turnverein Schafbr\u00fccke unter der Leitung von Peter Oberbillig eine Zirkus AG an. Kinder und Jugendliche ab 6 Jahren k\u00f6nnen von Einradfahren \u00fcber Laufen auf einer [&hellip;]<\/p>\n","protected":false},"author":1,"featured_media":0,"parent":0,"menu_order":0,"comment_status":"closed","ping_status":"closed","template":"templates\/template-full-width.php","meta":{"_uag_custom_page_level_css":"","footnotes":""},"class_list":["post-594","page","type-page","status-publish","hentry"],"uagb_featured_image_src":{"full":false,"thumbnail":false,"medium":false,"medium_large":false,"large":false,"1536x1536":false,"2048x2048":false,"post-thumbnail":false,"twentytwenty-fullscreen":false},"uagb_author_info":{"display_name":"tvadmin","author_link":"https:\/\/www.tv-schafbruecke.de\/index.php\/author\/tvadmin\/"},"uagb_comment_info":0,"uagb_excerpt":"Die Zirkus AG Das besondere Angebot des TV Schafbr\u00fccke. Seit vielen Jahren sind die Teilnehmer von diesem etwas anderen Angebot begeistert: Jeden Samstag von 10 bis 12 Uhr bietet der Turnverein Schafbr\u00fccke unter der Leitung von Peter Oberbillig eine Zirkus AG an. Kinder und Jugendliche ab 6 Jahren k\u00f6nnen von Einradfahren \u00fcber Laufen auf einer&hellip;","_links":{"self":[{"href":"https:\/\/www.tv-schafbruecke.de\/index.php\/wp-json\/wp\/v2\/pages\/594","targetHints":{"allow":["GET"]}}],"collection":[{"href":"https:\/\/www.tv-schafbruecke.de\/index.php\/wp-json\/wp\/v2\/pages"}],"about":[{"href":"https:\/\/www.tv-schafbruecke.de\/index.php\/wp-json\/wp\/v2\/types\/page"}],"author":[{"embeddable":true,"href":"https:\/\/www.tv-schafbruecke.de\/index.php\/wp-json\/wp\/v2\/users\/1"}],"replies":[{"embeddable":true,"href":"https:\/\/www.tv-schafbruecke.de\/index.php\/wp-json\/wp\/v2\/comments?post=594"}],"version-history":[{"count":24,"href":"https:\/\/www.tv-schafbruecke.de\/index.php\/wp-json\/wp\/v2\/pages\/594\/revisions"}],"predecessor-version":[{"id":901,"href":"https:\/\/www.tv-schafbruecke.de\/index.php\/wp-json\/wp\/v2\/pages\/594\/revisions\/901"}],"wp:attachment":[{"href":"https:\/\/www.tv-schafbruecke.de\/index.php\/wp-json\/wp\/v2\/media?parent=594"}],"curies":[{"name":"wp","href":"https:\/\/api.w.org\/{rel}","templated":true}]}}