{"id":520,"date":"2020-06-07T08:59:45","date_gmt":"2020-06-07T06:59:45","guid":{"rendered":"https:\/\/tv-schafbruecke.de\/?page_id=520"},"modified":"2020-06-07T09:01:50","modified_gmt":"2020-06-07T07:01:50","slug":"kraft-und-ausdauertraining-fuer-frauen-und-maenner","status":"publish","type":"page","link":"https:\/\/www.tv-schafbruecke.de\/index.php\/kraft-und-ausdauertraining-fuer-frauen-und-maenner\/","title":{"rendered":"Kraft- und Ausdauertraining f\u00fcr Frauen und M\u00e4nner"},"content":{"rendered":"\n<p>Jede Woche findet das Kraft- und Ausdauertraining f\u00fcr Damen und Herren (ab 50 Jahre) in der Turnhalle am Unteren Geisberg in Schafbr\u00fccke statt. Michael Hubig und Ute Emmer leiten die \u00dcbungsstunden, in denen an Ringen, am Barren, mit Hanteln, an der Kletterwand und am Kasten trainiert wird.<\/p>\n\n\n\n<p class=\"has-background has-accent-background-color\">Ansprechpartnerin: Ute Emmer, Telefon 0681- 89 43 83<\/p>\n","protected":false},"excerpt":{"rendered":"<p>Jede Woche findet das Kraft- und Ausdauertraining f\u00fcr Damen und Herren (ab 50 Jahre) in der Turnhalle am Unteren Geisberg in Schafbr\u00fccke statt. Michael Hubig und Ute Emmer leiten die \u00dcbungsstunden, in denen an Ringen, am Barren, mit Hanteln, an der Kletterwand und am Kasten trainiert wird. Ansprechpartnerin: Ute Emmer, Telefon 0681- 89 43 83<\/p>\n","protected":false},"author":1,"featured_media":0,"parent":0,"menu_order":0,"comment_status":"closed","ping_status":"closed","template":"templates\/template-full-width.php","meta":{"_uag_custom_page_level_css":"","footnotes":""},"class_list":["post-520","page","type-page","status-publish","hentry"],"uagb_featured_image_src":{"full":false,"thumbnail":false,"medium":false,"medium_large":false,"large":false,"1536x1536":false,"2048x2048":false,"post-thumbnail":false,"twentytwenty-fullscreen":false},"uagb_author_info":{"display_name":"tvadmin","author_link":"https:\/\/www.tv-schafbruecke.de\/index.php\/author\/tvadmin\/"},"uagb_comment_info":0,"uagb_excerpt":"Jede Woche findet das Kraft- und Ausdauertraining f\u00fcr Damen und Herren (ab 50 Jahre) in der Turnhalle am Unteren Geisberg in Schafbr\u00fccke statt. Michael Hubig und Ute Emmer leiten die \u00dcbungsstunden, in denen an Ringen, am Barren, mit Hanteln, an der Kletterwand und am Kasten trainiert wird. Ansprechpartnerin: Ute Emmer, Telefon 0681- 89 43 83","_links":{"self":[{"href":"https:\/\/www.tv-schafbruecke.de\/index.php\/wp-json\/wp\/v2\/pages\/520","targetHints":{"allow":["GET"]}}],"collection":[{"href":"https:\/\/www.tv-schafbruecke.de\/index.php\/wp-json\/wp\/v2\/pages"}],"about":[{"href":"https:\/\/www.tv-schafbruecke.de\/index.php\/wp-json\/wp\/v2\/types\/page"}],"author":[{"embeddable":true,"href":"https:\/\/www.tv-schafbruecke.de\/index.php\/wp-json\/wp\/v2\/users\/1"}],"replies":[{"embeddable":true,"href":"https:\/\/www.tv-schafbruecke.de\/index.php\/wp-json\/wp\/v2\/comments?post=520"}],"version-history":[{"count":2,"href":"https:\/\/www.tv-schafbruecke.de\/index.php\/wp-json\/wp\/v2\/pages\/520\/revisions"}],"predecessor-version":[{"id":522,"href":"https:\/\/www.tv-schafbruecke.de\/index.php\/wp-json\/wp\/v2\/pages\/520\/revisions\/522"}],"wp:attachment":[{"href":"https:\/\/www.tv-schafbruecke.de\/index.php\/wp-json\/wp\/v2\/media?parent=520"}],"curies":[{"name":"wp","href":"https:\/\/api.w.org\/{rel}","templated":true}]}}