{"id":410,"date":"2020-05-06T23:50:39","date_gmt":"2020-05-06T21:50:39","guid":{"rendered":"https:\/\/tv-schafbruecke.de\/?page_id=410"},"modified":"2025-05-06T19:06:03","modified_gmt":"2025-05-06T17:06:03","slug":"geraetturnen","status":"publish","type":"page","link":"https:\/\/www.tv-schafbruecke.de\/index.php\/geraetturnen\/","title":{"rendered":"Ger\u00e4tturnen"},"content":{"rendered":"\n<figure class=\"wp-block-image alignwide size-large\"><img loading=\"lazy\" decoding=\"async\" width=\"1024\" height=\"768\" src=\"https:\/\/www.tv-schafbruecke.de\/wp-content\/uploads\/2020\/10\/wz_web-Geraetturnen-22-1024x768.jpg\" alt=\"\" class=\"wp-image-679\" srcset=\"https:\/\/www.tv-schafbruecke.de\/wp-content\/uploads\/2020\/10\/wz_web-Geraetturnen-22-1024x768.jpg 1024w, https:\/\/www.tv-schafbruecke.de\/wp-content\/uploads\/2020\/10\/wz_web-Geraetturnen-22-300x225.jpg 300w, https:\/\/www.tv-schafbruecke.de\/wp-content\/uploads\/2020\/10\/wz_web-Geraetturnen-22-768x576.jpg 768w, https:\/\/www.tv-schafbruecke.de\/wp-content\/uploads\/2020\/10\/wz_web-Geraetturnen-22-1536x1152.jpg 1536w, https:\/\/www.tv-schafbruecke.de\/wp-content\/uploads\/2020\/10\/wz_web-Geraetturnen-22-1200x900.jpg 1200w, https:\/\/www.tv-schafbruecke.de\/wp-content\/uploads\/2020\/10\/wz_web-Geraetturnen-22.jpg 1600w\" sizes=\"auto, (max-width: 1024px) 100vw, 1024px\" \/><figcaption class=\"wp-element-caption\">OLYMPUS DIGITAL CAMERA<\/figcaption><\/figure>\n\n\n\n<p>Tradition im Turnverein &#8211; oder: Das Gute ist best\u00e4ndig! Turnen an Ger\u00e4ten f\u00fcr Kinder und Jugendliche im Alter zwischen etwa 8 und 19 Jahren. Gemeinsam k\u00f6nnen M\u00e4dchen und Jungs unter der fachkundigen Anleitung von J\u00fcrgen Kobel ihre Beweglichkeit, Konzentration und Koordination \u00fcben und weiter entwickeln.<\/p>\n\n\n\n<p class=\"has-accent-background-color has-background\">J\u00fcrgen Kobel 06893 3300 und Anna Langenberger.<br>Termine entnehmen Sie bitte dem Trainingsplan.<\/p>\n\n\n\n<figure class=\"wp-block-gallery has-nested-images columns-2 is-cropped wp-block-gallery-1 is-layout-flex wp-block-gallery-is-layout-flex\">\n<figure class=\"wp-block-image size-large\"><img loading=\"lazy\" decoding=\"async\" width=\"1024\" height=\"1024\" data-id=\"683\" src=\"https:\/\/www.tv-schafbruecke.de\/wp-content\/uploads\/2020\/10\/wz_web-Geraetturnen-09-1024x1024.jpg\" alt=\"\" class=\"wp-image-683\" srcset=\"https:\/\/www.tv-schafbruecke.de\/wp-content\/uploads\/2020\/10\/wz_web-Geraetturnen-09-1024x1024.jpg 1024w, https:\/\/www.tv-schafbruecke.de\/wp-content\/uploads\/2020\/10\/wz_web-Geraetturnen-09-300x300.jpg 300w, https:\/\/www.tv-schafbruecke.de\/wp-content\/uploads\/2020\/10\/wz_web-Geraetturnen-09-150x150.jpg 150w, https:\/\/www.tv-schafbruecke.de\/wp-content\/uploads\/2020\/10\/wz_web-Geraetturnen-09-768x768.jpg 768w, https:\/\/www.tv-schafbruecke.de\/wp-content\/uploads\/2020\/10\/wz_web-Geraetturnen-09-1536x1536.jpg 1536w, https:\/\/www.tv-schafbruecke.de\/wp-content\/uploads\/2020\/10\/wz_web-Geraetturnen-09-1200x1200.jpg 1200w, https:\/\/www.tv-schafbruecke.de\/wp-content\/uploads\/2020\/10\/wz_web-Geraetturnen-09.jpg 1600w\" sizes=\"auto, (max-width: 1024px) 100vw, 1024px\" \/><\/figure>\n\n\n\n<figure class=\"wp-block-image size-large\"><img loading=\"lazy\" decoding=\"async\" width=\"856\" height=\"1024\" data-id=\"685\" src=\"https:\/\/www.tv-schafbruecke.de\/wp-content\/uploads\/2020\/10\/wz_web-Geraetturnen-05-856x1024.jpg\" alt=\"\" class=\"wp-image-685\" srcset=\"https:\/\/www.tv-schafbruecke.de\/wp-content\/uploads\/2020\/10\/wz_web-Geraetturnen-05-856x1024.jpg 856w, https:\/\/www.tv-schafbruecke.de\/wp-content\/uploads\/2020\/10\/wz_web-Geraetturnen-05-251x300.jpg 251w, https:\/\/www.tv-schafbruecke.de\/wp-content\/uploads\/2020\/10\/wz_web-Geraetturnen-05-768x918.jpg 768w, https:\/\/www.tv-schafbruecke.de\/wp-content\/uploads\/2020\/10\/wz_web-Geraetturnen-05-1284x1536.jpg 1284w, https:\/\/www.tv-schafbruecke.de\/wp-content\/uploads\/2020\/10\/wz_web-Geraetturnen-05-1200x1435.jpg 1200w, https:\/\/www.tv-schafbruecke.de\/wp-content\/uploads\/2020\/10\/wz_web-Geraetturnen-05.jpg 1338w\" sizes=\"auto, (max-width: 856px) 100vw, 856px\" \/><\/figure>\n\n\n\n<figure class=\"wp-block-image size-large\"><img loading=\"lazy\" decoding=\"async\" width=\"1024\" height=\"1024\" data-id=\"684\" src=\"https:\/\/www.tv-schafbruecke.de\/wp-content\/uploads\/2020\/10\/wz_web-Geraetturnen-07-1024x1024.jpg\" alt=\"\" class=\"wp-image-684\" srcset=\"https:\/\/www.tv-schafbruecke.de\/wp-content\/uploads\/2020\/10\/wz_web-Geraetturnen-07-1024x1024.jpg 1024w, https:\/\/www.tv-schafbruecke.de\/wp-content\/uploads\/2020\/10\/wz_web-Geraetturnen-07-300x300.jpg 300w, https:\/\/www.tv-schafbruecke.de\/wp-content\/uploads\/2020\/10\/wz_web-Geraetturnen-07-150x150.jpg 150w, https:\/\/www.tv-schafbruecke.de\/wp-content\/uploads\/2020\/10\/wz_web-Geraetturnen-07-768x768.jpg 768w, https:\/\/www.tv-schafbruecke.de\/wp-content\/uploads\/2020\/10\/wz_web-Geraetturnen-07-1536x1536.jpg 1536w, https:\/\/www.tv-schafbruecke.de\/wp-content\/uploads\/2020\/10\/wz_web-Geraetturnen-07-1200x1200.jpg 1200w, https:\/\/www.tv-schafbruecke.de\/wp-content\/uploads\/2020\/10\/wz_web-Geraetturnen-07.jpg 1600w\" sizes=\"auto, (max-width: 1024px) 100vw, 1024px\" \/><\/figure>\n\n\n\n<figure class=\"wp-block-image size-large\"><img loading=\"lazy\" decoding=\"async\" width=\"1024\" height=\"1024\" data-id=\"682\" src=\"https:\/\/www.tv-schafbruecke.de\/wp-content\/uploads\/2020\/10\/wz_web-Geraetturnen-11-1024x1024.jpg\" alt=\"\" class=\"wp-image-682\" srcset=\"https:\/\/www.tv-schafbruecke.de\/wp-content\/uploads\/2020\/10\/wz_web-Geraetturnen-11-1024x1024.jpg 1024w, https:\/\/www.tv-schafbruecke.de\/wp-content\/uploads\/2020\/10\/wz_web-Geraetturnen-11-300x300.jpg 300w, https:\/\/www.tv-schafbruecke.de\/wp-content\/uploads\/2020\/10\/wz_web-Geraetturnen-11-150x150.jpg 150w, https:\/\/www.tv-schafbruecke.de\/wp-content\/uploads\/2020\/10\/wz_web-Geraetturnen-11-768x768.jpg 768w, https:\/\/www.tv-schafbruecke.de\/wp-content\/uploads\/2020\/10\/wz_web-Geraetturnen-11-1536x1536.jpg 1536w, https:\/\/www.tv-schafbruecke.de\/wp-content\/uploads\/2020\/10\/wz_web-Geraetturnen-11-1200x1200.jpg 1200w, https:\/\/www.tv-schafbruecke.de\/wp-content\/uploads\/2020\/10\/wz_web-Geraetturnen-11.jpg 1600w\" sizes=\"auto, (max-width: 1024px) 100vw, 1024px\" \/><\/figure>\n<\/figure>\n","protected":false},"excerpt":{"rendered":"<p>Tradition im Turnverein &#8211; oder: Das Gute ist best\u00e4ndig! Turnen an Ger\u00e4ten f\u00fcr Kinder und Jugendliche im Alter zwischen etwa 8 und 19 Jahren. Gemeinsam k\u00f6nnen M\u00e4dchen und Jungs unter der fachkundigen Anleitung von J\u00fcrgen Kobel ihre Beweglichkeit, Konzentration und Koordination \u00fcben und weiter entwickeln. J\u00fcrgen Kobel 06893 3300 und Anna Langenberger.Termine entnehmen Sie bitte [&hellip;]<\/p>\n","protected":false},"author":1,"featured_media":0,"parent":0,"menu_order":0,"comment_status":"closed","ping_status":"closed","template":"templates\/template-full-width.php","meta":{"_uag_custom_page_level_css":"","footnotes":""},"class_list":["post-410","page","type-page","status-publish","hentry"],"uagb_featured_image_src":{"full":false,"thumbnail":false,"medium":false,"medium_large":false,"large":false,"1536x1536":false,"2048x2048":false,"post-thumbnail":false,"twentytwenty-fullscreen":false},"uagb_author_info":{"display_name":"tvadmin","author_link":"https:\/\/www.tv-schafbruecke.de\/index.php\/author\/tvadmin\/"},"uagb_comment_info":0,"uagb_excerpt":"Tradition im Turnverein &#8211; oder: Das Gute ist best\u00e4ndig! Turnen an Ger\u00e4ten f\u00fcr Kinder und Jugendliche im Alter zwischen etwa 8 und 19 Jahren. Gemeinsam k\u00f6nnen M\u00e4dchen und Jungs unter der fachkundigen Anleitung von J\u00fcrgen Kobel ihre Beweglichkeit, Konzentration und Koordination \u00fcben und weiter entwickeln. J\u00fcrgen Kobel 06893 3300 und Anna Langenberger.Termine entnehmen Sie bitte&hellip;","_links":{"self":[{"href":"https:\/\/www.tv-schafbruecke.de\/index.php\/wp-json\/wp\/v2\/pages\/410","targetHints":{"allow":["GET"]}}],"collection":[{"href":"https:\/\/www.tv-schafbruecke.de\/index.php\/wp-json\/wp\/v2\/pages"}],"about":[{"href":"https:\/\/www.tv-schafbruecke.de\/index.php\/wp-json\/wp\/v2\/types\/page"}],"author":[{"embeddable":true,"href":"https:\/\/www.tv-schafbruecke.de\/index.php\/wp-json\/wp\/v2\/users\/1"}],"replies":[{"embeddable":true,"href":"https:\/\/www.tv-schafbruecke.de\/index.php\/wp-json\/wp\/v2\/comments?post=410"}],"version-history":[{"count":8,"href":"https:\/\/www.tv-schafbruecke.de\/index.php\/wp-json\/wp\/v2\/pages\/410\/revisions"}],"predecessor-version":[{"id":1589,"href":"https:\/\/www.tv-schafbruecke.de\/index.php\/wp-json\/wp\/v2\/pages\/410\/revisions\/1589"}],"wp:attachment":[{"href":"https:\/\/www.tv-schafbruecke.de\/index.php\/wp-json\/wp\/v2\/media?parent=410"}],"curies":[{"name":"wp","href":"https:\/\/api.w.org\/{rel}","templated":true}]}}