{"id":407,"date":"2020-05-06T23:48:48","date_gmt":"2020-05-06T21:48:48","guid":{"rendered":"https:\/\/tv-schafbruecke.de\/?page_id=407"},"modified":"2025-05-06T19:07:21","modified_gmt":"2025-05-06T17:07:21","slug":"kinderturnen","status":"publish","type":"page","link":"https:\/\/www.tv-schafbruecke.de\/index.php\/kinderturnen\/","title":{"rendered":"Kinderturnen"},"content":{"rendered":"\n<p>Kinder ab etwa 3-4 Jahre freuen sich auf das Kinderturnen bei Heike Wetzig. Koordination und spielerisches Kennenlernen der eigenen F\u00e4higkeiten legen in lockerer und sympathischer Atmosph\u00e4re den Grundstein f\u00fcr die Freude an der Bewegung.<\/p>\n\n\n\n<p class=\"has-accent-background-color has-background\">Ansprechpartnerin: Heike Wetzig, Telefon 0681 &#8211; 89 75 61 Termine entnehmen Sie bitte dem Trainingsplan.<\/p>\n","protected":false},"excerpt":{"rendered":"<p>Kinder ab etwa 3-4 Jahre freuen sich auf das Kinderturnen bei Heike Wetzig. Koordination und spielerisches Kennenlernen der eigenen F\u00e4higkeiten legen in lockerer und sympathischer Atmosph\u00e4re den Grundstein f\u00fcr die Freude an der Bewegung. Ansprechpartnerin: Heike Wetzig, Telefon 0681 &#8211; 89 75 61 Termine entnehmen Sie bitte dem Trainingsplan.<\/p>\n","protected":false},"author":1,"featured_media":0,"parent":0,"menu_order":0,"comment_status":"closed","ping_status":"closed","template":"templates\/template-full-width.php","meta":{"_uag_custom_page_level_css":"","footnotes":""},"class_list":["post-407","page","type-page","status-publish","hentry"],"uagb_featured_image_src":{"full":false,"thumbnail":false,"medium":false,"medium_large":false,"large":false,"1536x1536":false,"2048x2048":false,"post-thumbnail":false,"twentytwenty-fullscreen":false},"uagb_author_info":{"display_name":"tvadmin","author_link":"https:\/\/www.tv-schafbruecke.de\/index.php\/author\/tvadmin\/"},"uagb_comment_info":0,"uagb_excerpt":"Kinder ab etwa 3-4 Jahre freuen sich auf das Kinderturnen bei Heike Wetzig. Koordination und spielerisches Kennenlernen der eigenen F\u00e4higkeiten legen in lockerer und sympathischer Atmosph\u00e4re den Grundstein f\u00fcr die Freude an der Bewegung. Ansprechpartnerin: Heike Wetzig, Telefon 0681 &#8211; 89 75 61 Termine entnehmen Sie bitte dem Trainingsplan.","_links":{"self":[{"href":"https:\/\/www.tv-schafbruecke.de\/index.php\/wp-json\/wp\/v2\/pages\/407","targetHints":{"allow":["GET"]}}],"collection":[{"href":"https:\/\/www.tv-schafbruecke.de\/index.php\/wp-json\/wp\/v2\/pages"}],"about":[{"href":"https:\/\/www.tv-schafbruecke.de\/index.php\/wp-json\/wp\/v2\/types\/page"}],"author":[{"embeddable":true,"href":"https:\/\/www.tv-schafbruecke.de\/index.php\/wp-json\/wp\/v2\/users\/1"}],"replies":[{"embeddable":true,"href":"https:\/\/www.tv-schafbruecke.de\/index.php\/wp-json\/wp\/v2\/comments?post=407"}],"version-history":[{"count":3,"href":"https:\/\/www.tv-schafbruecke.de\/index.php\/wp-json\/wp\/v2\/pages\/407\/revisions"}],"predecessor-version":[{"id":1590,"href":"https:\/\/www.tv-schafbruecke.de\/index.php\/wp-json\/wp\/v2\/pages\/407\/revisions\/1590"}],"wp:attachment":[{"href":"https:\/\/www.tv-schafbruecke.de\/index.php\/wp-json\/wp\/v2\/media?parent=407"}],"curies":[{"name":"wp","href":"https:\/\/api.w.org\/{rel}","templated":true}]}}