{"id":401,"date":"2020-05-06T23:45:32","date_gmt":"2020-05-06T21:45:32","guid":{"rendered":"https:\/\/tv-schafbruecke.de\/?page_id=401"},"modified":"2020-05-06T23:45:33","modified_gmt":"2020-05-06T21:45:33","slug":"nordic-walking","status":"publish","type":"page","link":"https:\/\/www.tv-schafbruecke.de\/index.php\/nordic-walking\/","title":{"rendered":"Nordic Walking"},"content":{"rendered":"\n<p>Nordic Walking ist eine Sportart, die sich immer gr\u00f6\u00dferer Beliebtheit erfreut. Seit ein paar Jahren schon treffen sich w\u00f6chentlich 8 bis 12 Frauen und M\u00e4nner auf dem Sportplatz in Schafbr\u00fccke, um mit der \u00dcbungsleiterin Ute Emmer etwa eine Stunde durch den Wald zu walken. Ute Emmer ist eine erfahrene Trainerin, die ihr Programm mit einer 10 min\u00fctigen Aufw\u00e4rm\u00fcbung beginnt und den Teilnehmern erkl\u00e4rt, worauf beim Walken zu achten ist. Die Strecke f\u00fchrt die Walker dann ca. 4 bis 6 km durch den nahegelegenen Wald am Halberg oder durch das Grumbachtal. Trainiert wird bei fast jeder Witterung das ganze Jahr hindurch. Zus\u00e4tzlich wird ein Kurs f\u00fcr Anf\u00e4nger angeboten. Die Anf\u00e4ngergruppe beginnt mit 45 Minuten Walking und steigert sich dann im Laufe der Zeit auf 60 bis 90 Minuten. F\u00fcr das Probetraining k\u00f6nnen St\u00f6cke beim TV Schafbr\u00fccke ausgeliehen werden.<\/p>\n\n\n\n<p class=\"has-background has-accent-background-color\">Ansprechpartnerin: Ute Emmer, Telefon 0681 &#8211; 89 43 83. Termine entnehmen Sie bitte dem Trainingsplan.<\/p>\n","protected":false},"excerpt":{"rendered":"<p>Nordic Walking ist eine Sportart, die sich immer gr\u00f6\u00dferer Beliebtheit erfreut. Seit ein paar Jahren schon treffen sich w\u00f6chentlich 8 bis 12 Frauen und M\u00e4nner auf dem Sportplatz in Schafbr\u00fccke, um mit der \u00dcbungsleiterin Ute Emmer etwa eine Stunde durch den Wald zu walken. Ute Emmer ist eine erfahrene Trainerin, die ihr Programm mit einer [&hellip;]<\/p>\n","protected":false},"author":1,"featured_media":0,"parent":0,"menu_order":0,"comment_status":"closed","ping_status":"closed","template":"templates\/template-full-width.php","meta":{"_uag_custom_page_level_css":"","footnotes":""},"class_list":["post-401","page","type-page","status-publish","hentry"],"uagb_featured_image_src":{"full":false,"thumbnail":false,"medium":false,"medium_large":false,"large":false,"1536x1536":false,"2048x2048":false,"post-thumbnail":false,"twentytwenty-fullscreen":false},"uagb_author_info":{"display_name":"tvadmin","author_link":"https:\/\/www.tv-schafbruecke.de\/index.php\/author\/tvadmin\/"},"uagb_comment_info":0,"uagb_excerpt":"Nordic Walking ist eine Sportart, die sich immer gr\u00f6\u00dferer Beliebtheit erfreut. Seit ein paar Jahren schon treffen sich w\u00f6chentlich 8 bis 12 Frauen und M\u00e4nner auf dem Sportplatz in Schafbr\u00fccke, um mit der \u00dcbungsleiterin Ute Emmer etwa eine Stunde durch den Wald zu walken. Ute Emmer ist eine erfahrene Trainerin, die ihr Programm mit einer&hellip;","_links":{"self":[{"href":"https:\/\/www.tv-schafbruecke.de\/index.php\/wp-json\/wp\/v2\/pages\/401","targetHints":{"allow":["GET"]}}],"collection":[{"href":"https:\/\/www.tv-schafbruecke.de\/index.php\/wp-json\/wp\/v2\/pages"}],"about":[{"href":"https:\/\/www.tv-schafbruecke.de\/index.php\/wp-json\/wp\/v2\/types\/page"}],"author":[{"embeddable":true,"href":"https:\/\/www.tv-schafbruecke.de\/index.php\/wp-json\/wp\/v2\/users\/1"}],"replies":[{"embeddable":true,"href":"https:\/\/www.tv-schafbruecke.de\/index.php\/wp-json\/wp\/v2\/comments?post=401"}],"version-history":[{"count":1,"href":"https:\/\/www.tv-schafbruecke.de\/index.php\/wp-json\/wp\/v2\/pages\/401\/revisions"}],"predecessor-version":[{"id":403,"href":"https:\/\/www.tv-schafbruecke.de\/index.php\/wp-json\/wp\/v2\/pages\/401\/revisions\/403"}],"wp:attachment":[{"href":"https:\/\/www.tv-schafbruecke.de\/index.php\/wp-json\/wp\/v2\/media?parent=401"}],"curies":[{"name":"wp","href":"https:\/\/api.w.org\/{rel}","templated":true}]}}