{"id":398,"date":"2020-05-06T23:43:41","date_gmt":"2020-05-06T21:43:41","guid":{"rendered":"https:\/\/tv-schafbruecke.de\/?page_id=398"},"modified":"2020-05-06T23:43:42","modified_gmt":"2020-05-06T21:43:42","slug":"gymnastik-fuer-senioren","status":"publish","type":"page","link":"https:\/\/www.tv-schafbruecke.de\/index.php\/gymnastik-fuer-senioren\/","title":{"rendered":"Gymnastik f\u00fcr Senioren"},"content":{"rendered":"\n<p>Gymnastik f\u00fcr Senioren findet w\u00f6chentlich statt. Die Gruppe wird von J\u00fcrgen Kobel geleitet. Das Angebot richtet sich an alle, die 60 und \u00e4lter sind, sich gerne bewegen, gesund bleiben wollen und in netter Gesellschaft sch\u00f6ne Stunden verbringen m\u00f6chten. Das Bewegungsangebot besteht aus Laufen, Stehen, Sitzen im Raum, Bewegung mit Handger\u00e4ten (Ball, Theraband), Tanzen und Spielen. Die Beweglichkeit soll verbessert und die Feinmotorik geschult werden.<\/p>\n\n\n\n<p class=\"has-background has-accent-background-color\">Ansprechpartner: J\u00fcrgen Kobel, Telefon 06893 &#8211; 33 00 Termine entnehmen Sie bitte dem Trainingsplan.<\/p>\n","protected":false},"excerpt":{"rendered":"<p>Gymnastik f\u00fcr Senioren findet w\u00f6chentlich statt. Die Gruppe wird von J\u00fcrgen Kobel geleitet. Das Angebot richtet sich an alle, die 60 und \u00e4lter sind, sich gerne bewegen, gesund bleiben wollen und in netter Gesellschaft sch\u00f6ne Stunden verbringen m\u00f6chten. Das Bewegungsangebot besteht aus Laufen, Stehen, Sitzen im Raum, Bewegung mit Handger\u00e4ten (Ball, Theraband), Tanzen und Spielen. [&hellip;]<\/p>\n","protected":false},"author":1,"featured_media":0,"parent":0,"menu_order":0,"comment_status":"closed","ping_status":"closed","template":"templates\/template-full-width.php","meta":{"_uag_custom_page_level_css":"","footnotes":""},"class_list":["post-398","page","type-page","status-publish","hentry"],"uagb_featured_image_src":{"full":false,"thumbnail":false,"medium":false,"medium_large":false,"large":false,"1536x1536":false,"2048x2048":false,"post-thumbnail":false,"twentytwenty-fullscreen":false},"uagb_author_info":{"display_name":"tvadmin","author_link":"https:\/\/www.tv-schafbruecke.de\/index.php\/author\/tvadmin\/"},"uagb_comment_info":0,"uagb_excerpt":"Gymnastik f\u00fcr Senioren findet w\u00f6chentlich statt. Die Gruppe wird von J\u00fcrgen Kobel geleitet. Das Angebot richtet sich an alle, die 60 und \u00e4lter sind, sich gerne bewegen, gesund bleiben wollen und in netter Gesellschaft sch\u00f6ne Stunden verbringen m\u00f6chten. Das Bewegungsangebot besteht aus Laufen, Stehen, Sitzen im Raum, Bewegung mit Handger\u00e4ten (Ball, Theraband), Tanzen und Spielen.&hellip;","_links":{"self":[{"href":"https:\/\/www.tv-schafbruecke.de\/index.php\/wp-json\/wp\/v2\/pages\/398","targetHints":{"allow":["GET"]}}],"collection":[{"href":"https:\/\/www.tv-schafbruecke.de\/index.php\/wp-json\/wp\/v2\/pages"}],"about":[{"href":"https:\/\/www.tv-schafbruecke.de\/index.php\/wp-json\/wp\/v2\/types\/page"}],"author":[{"embeddable":true,"href":"https:\/\/www.tv-schafbruecke.de\/index.php\/wp-json\/wp\/v2\/users\/1"}],"replies":[{"embeddable":true,"href":"https:\/\/www.tv-schafbruecke.de\/index.php\/wp-json\/wp\/v2\/comments?post=398"}],"version-history":[{"count":1,"href":"https:\/\/www.tv-schafbruecke.de\/index.php\/wp-json\/wp\/v2\/pages\/398\/revisions"}],"predecessor-version":[{"id":400,"href":"https:\/\/www.tv-schafbruecke.de\/index.php\/wp-json\/wp\/v2\/pages\/398\/revisions\/400"}],"wp:attachment":[{"href":"https:\/\/www.tv-schafbruecke.de\/index.php\/wp-json\/wp\/v2\/media?parent=398"}],"curies":[{"name":"wp","href":"https:\/\/api.w.org\/{rel}","templated":true}]}}