{"id":387,"date":"2020-05-06T23:26:34","date_gmt":"2020-05-06T21:26:34","guid":{"rendered":"https:\/\/tv-schafbruecke.de\/?page_id=387"},"modified":"2020-05-06T23:26:35","modified_gmt":"2020-05-06T21:26:35","slug":"fitnesstraining-fuer-frauen","status":"publish","type":"page","link":"https:\/\/www.tv-schafbruecke.de\/index.php\/fitnesstraining-fuer-frauen\/","title":{"rendered":"Fitnesstraining f\u00fcr Frauen"},"content":{"rendered":"\n<p>W\u00f6chentlich findet das Fitnesstraining f\u00fcr Frauen in der Turnhalle am Unteren Geisberg statt. Zirkeltraining sowie Training mit Hanteln, Keulen, St\u00e4ben, B\u00e4ndern und B\u00e4llen stehen auf dem Programm. Z. T. werden die \u00dcbungen auf Musik gemacht. Ausdauer und Fitness sollen verbessert, Herz und Kreislauf gest\u00e4rkt werden. <\/p>\n\n\n\n<p class=\"has-background has-accent-background-color\">Ansprechpartnerin: Ute Emmer, Telefon 0681 &#8211; 89 43 83. Termine entnehmen Sie bitte dem Trainingsplan.<\/p>\n","protected":false},"excerpt":{"rendered":"<p>W\u00f6chentlich findet das Fitnesstraining f\u00fcr Frauen in der Turnhalle am Unteren Geisberg statt. Zirkeltraining sowie Training mit Hanteln, Keulen, St\u00e4ben, B\u00e4ndern und B\u00e4llen stehen auf dem Programm. Z. T. werden die \u00dcbungen auf Musik gemacht. Ausdauer und Fitness sollen verbessert, Herz und Kreislauf gest\u00e4rkt werden. Ansprechpartnerin: Ute Emmer, Telefon 0681 &#8211; 89 43 83. Termine [&hellip;]<\/p>\n","protected":false},"author":1,"featured_media":0,"parent":0,"menu_order":0,"comment_status":"closed","ping_status":"closed","template":"templates\/template-full-width.php","meta":{"_uag_custom_page_level_css":"","footnotes":""},"class_list":["post-387","page","type-page","status-publish","hentry"],"uagb_featured_image_src":{"full":false,"thumbnail":false,"medium":false,"medium_large":false,"large":false,"1536x1536":false,"2048x2048":false,"post-thumbnail":false,"twentytwenty-fullscreen":false},"uagb_author_info":{"display_name":"tvadmin","author_link":"https:\/\/www.tv-schafbruecke.de\/index.php\/author\/tvadmin\/"},"uagb_comment_info":0,"uagb_excerpt":"W\u00f6chentlich findet das Fitnesstraining f\u00fcr Frauen in der Turnhalle am Unteren Geisberg statt. Zirkeltraining sowie Training mit Hanteln, Keulen, St\u00e4ben, B\u00e4ndern und B\u00e4llen stehen auf dem Programm. Z. T. werden die \u00dcbungen auf Musik gemacht. Ausdauer und Fitness sollen verbessert, Herz und Kreislauf gest\u00e4rkt werden. Ansprechpartnerin: Ute Emmer, Telefon 0681 &#8211; 89 43 83. Termine&hellip;","_links":{"self":[{"href":"https:\/\/www.tv-schafbruecke.de\/index.php\/wp-json\/wp\/v2\/pages\/387","targetHints":{"allow":["GET"]}}],"collection":[{"href":"https:\/\/www.tv-schafbruecke.de\/index.php\/wp-json\/wp\/v2\/pages"}],"about":[{"href":"https:\/\/www.tv-schafbruecke.de\/index.php\/wp-json\/wp\/v2\/types\/page"}],"author":[{"embeddable":true,"href":"https:\/\/www.tv-schafbruecke.de\/index.php\/wp-json\/wp\/v2\/users\/1"}],"replies":[{"embeddable":true,"href":"https:\/\/www.tv-schafbruecke.de\/index.php\/wp-json\/wp\/v2\/comments?post=387"}],"version-history":[{"count":1,"href":"https:\/\/www.tv-schafbruecke.de\/index.php\/wp-json\/wp\/v2\/pages\/387\/revisions"}],"predecessor-version":[{"id":389,"href":"https:\/\/www.tv-schafbruecke.de\/index.php\/wp-json\/wp\/v2\/pages\/387\/revisions\/389"}],"wp:attachment":[{"href":"https:\/\/www.tv-schafbruecke.de\/index.php\/wp-json\/wp\/v2\/media?parent=387"}],"curies":[{"name":"wp","href":"https:\/\/api.w.org\/{rel}","templated":true}]}}