{"id":381,"date":"2020-05-06T23:22:34","date_gmt":"2020-05-06T21:22:34","guid":{"rendered":"https:\/\/tv-schafbruecke.de\/?page_id=381"},"modified":"2020-05-06T23:28:37","modified_gmt":"2020-05-06T21:28:37","slug":"gesundheitstraining","status":"publish","type":"page","link":"https:\/\/www.tv-schafbruecke.de\/index.php\/gesundheitstraining\/","title":{"rendered":"Gesundheitstraining"},"content":{"rendered":"\n<p>Jede Woche trifft sich die Frauengruppe unter der Leitung von Ute Emmer in der Schafbr\u00fccker Festhalle. Trainiert wird mit Gymnastikb\u00e4llen und Therab\u00e4ndern. Atemgymnastik, Reflexzonenmassage, Entspannungs\u00fcbungen, Yoga, R\u00fccken- und Wirbels\u00e4ulengymnastik stehen ebenfalls auf dem Programm. Alle \u00dcbungen werden von Musik begleitet. <\/p>\n\n\n\n<p class=\"has-background has-accent-background-color\">Ansprechpartnerin: Ute Emmer, Telefon 0681 &#8211; 89 43 83 Termine entnehmen Sie bitte dem Trainingsplan.<\/p>\n","protected":false},"excerpt":{"rendered":"<p>Jede Woche trifft sich die Frauengruppe unter der Leitung von Ute Emmer in der Schafbr\u00fccker Festhalle. Trainiert wird mit Gymnastikb\u00e4llen und Therab\u00e4ndern. Atemgymnastik, Reflexzonenmassage, Entspannungs\u00fcbungen, Yoga, R\u00fccken- und Wirbels\u00e4ulengymnastik stehen ebenfalls auf dem Programm. Alle \u00dcbungen werden von Musik begleitet. Ansprechpartnerin: Ute Emmer, Telefon 0681 &#8211; 89 43 83 Termine entnehmen Sie bitte dem Trainingsplan.<\/p>\n","protected":false},"author":1,"featured_media":0,"parent":0,"menu_order":0,"comment_status":"closed","ping_status":"closed","template":"templates\/template-full-width.php","meta":{"_uag_custom_page_level_css":"","footnotes":""},"class_list":["post-381","page","type-page","status-publish","hentry"],"uagb_featured_image_src":{"full":false,"thumbnail":false,"medium":false,"medium_large":false,"large":false,"1536x1536":false,"2048x2048":false,"post-thumbnail":false,"twentytwenty-fullscreen":false},"uagb_author_info":{"display_name":"tvadmin","author_link":"https:\/\/www.tv-schafbruecke.de\/index.php\/author\/tvadmin\/"},"uagb_comment_info":0,"uagb_excerpt":"Jede Woche trifft sich die Frauengruppe unter der Leitung von Ute Emmer in der Schafbr\u00fccker Festhalle. Trainiert wird mit Gymnastikb\u00e4llen und Therab\u00e4ndern. Atemgymnastik, Reflexzonenmassage, Entspannungs\u00fcbungen, Yoga, R\u00fccken- und Wirbels\u00e4ulengymnastik stehen ebenfalls auf dem Programm. Alle \u00dcbungen werden von Musik begleitet. Ansprechpartnerin: Ute Emmer, Telefon 0681 &#8211; 89 43 83 Termine entnehmen Sie bitte dem Trainingsplan.","_links":{"self":[{"href":"https:\/\/www.tv-schafbruecke.de\/index.php\/wp-json\/wp\/v2\/pages\/381","targetHints":{"allow":["GET"]}}],"collection":[{"href":"https:\/\/www.tv-schafbruecke.de\/index.php\/wp-json\/wp\/v2\/pages"}],"about":[{"href":"https:\/\/www.tv-schafbruecke.de\/index.php\/wp-json\/wp\/v2\/types\/page"}],"author":[{"embeddable":true,"href":"https:\/\/www.tv-schafbruecke.de\/index.php\/wp-json\/wp\/v2\/users\/1"}],"replies":[{"embeddable":true,"href":"https:\/\/www.tv-schafbruecke.de\/index.php\/wp-json\/wp\/v2\/comments?post=381"}],"version-history":[{"count":1,"href":"https:\/\/www.tv-schafbruecke.de\/index.php\/wp-json\/wp\/v2\/pages\/381\/revisions"}],"predecessor-version":[{"id":383,"href":"https:\/\/www.tv-schafbruecke.de\/index.php\/wp-json\/wp\/v2\/pages\/381\/revisions\/383"}],"wp:attachment":[{"href":"https:\/\/www.tv-schafbruecke.de\/index.php\/wp-json\/wp\/v2\/media?parent=381"}],"curies":[{"name":"wp","href":"https:\/\/api.w.org\/{rel}","templated":true}]}}