{"id":242,"date":"2020-05-01T17:26:00","date_gmt":"2020-05-01T15:26:00","guid":{"rendered":"https:\/\/tv-schafbruecke.de\/?page_id=242"},"modified":"2025-05-16T22:26:43","modified_gmt":"2025-05-16T20:26:43","slug":"zumba","status":"publish","type":"page","link":"https:\/\/www.tv-schafbruecke.de\/index.php\/zumba\/","title":{"rendered":"Zumba"},"content":{"rendered":"\n<p><br>Zumba ist ein t\u00e4nzerisches Workout mit lateinamerikanischen Rhythmen. Die Teilnehmer tanzen nebeneinander und es werden vor-choreografierte Lieder getanzt<br><br>Mein Name ist Anja Schmeer, ZIN Instruktor, und ich w\u00fcrde mich \u00fcber einen Besuch freuen.<\/p>\n\n\n\n<p><br>Kommen Sie doch einfach unverbindlich vorbei oder informieren Sie sich vorab:<\/p>\n\n\n\n<p>Training ist immer Donnerstag: von 20:00 &#8211; 21:00 Uhr in der Sporthalle Geisberg<\/p>\n\n\n\n<p class=\"has-accent-background-color has-background\">weitere Ausk\u00fcnfte zu Zumba erteilt ihnen gerne die Vorsitzende des TV Schafbr\u00fccke, Astrid M\u00fcller, unter der Telefonnummer: 0681 \/ 81 31 76 sowie die Zumba-Trainerin Anja Schmeer (0681-892090).<\/p>\n","protected":false},"excerpt":{"rendered":"<p>Zumba ist ein t\u00e4nzerisches Workout mit lateinamerikanischen Rhythmen. Die Teilnehmer tanzen nebeneinander und es werden vor-choreografierte Lieder getanzt Mein Name ist Anja Schmeer, ZIN Instruktor, und ich w\u00fcrde mich \u00fcber einen Besuch freuen. Kommen Sie doch einfach unverbindlich vorbei oder informieren Sie sich vorab: Training ist immer Donnerstag: von 20:00 &#8211; 21:00 Uhr in der [&hellip;]<\/p>\n","protected":false},"author":1,"featured_media":1622,"parent":0,"menu_order":0,"comment_status":"closed","ping_status":"closed","template":"templates\/template-full-width.php","meta":{"_uag_custom_page_level_css":"","footnotes":""},"class_list":["post-242","page","type-page","status-publish","has-post-thumbnail","hentry"],"uagb_featured_image_src":{"full":["https:\/\/www.tv-schafbruecke.de\/wp-content\/uploads\/2025\/05\/F-04.jpeg",1082,930,false],"thumbnail":["https:\/\/www.tv-schafbruecke.de\/wp-content\/uploads\/2025\/05\/F-04-150x150.jpeg",150,150,true],"medium":["https:\/\/www.tv-schafbruecke.de\/wp-content\/uploads\/2025\/05\/F-04-300x258.jpeg",300,258,true],"medium_large":["https:\/\/www.tv-schafbruecke.de\/wp-content\/uploads\/2025\/05\/F-04-768x660.jpeg",580,498,true],"large":["https:\/\/www.tv-schafbruecke.de\/wp-content\/uploads\/2025\/05\/F-04-1024x880.jpeg",580,498,true],"1536x1536":["https:\/\/www.tv-schafbruecke.de\/wp-content\/uploads\/2025\/05\/F-04.jpeg",1082,930,false],"2048x2048":["https:\/\/www.tv-schafbruecke.de\/wp-content\/uploads\/2025\/05\/F-04.jpeg",1082,930,false],"post-thumbnail":["https:\/\/www.tv-schafbruecke.de\/wp-content\/uploads\/2025\/05\/F-04.jpeg",1082,930,false],"twentytwenty-fullscreen":["https:\/\/www.tv-schafbruecke.de\/wp-content\/uploads\/2025\/05\/F-04.jpeg",1082,930,false]},"uagb_author_info":{"display_name":"tvadmin","author_link":"https:\/\/www.tv-schafbruecke.de\/index.php\/author\/tvadmin\/"},"uagb_comment_info":0,"uagb_excerpt":"Zumba ist ein t\u00e4nzerisches Workout mit lateinamerikanischen Rhythmen. Die Teilnehmer tanzen nebeneinander und es werden vor-choreografierte Lieder getanzt Mein Name ist Anja Schmeer, ZIN Instruktor, und ich w\u00fcrde mich \u00fcber einen Besuch freuen. Kommen Sie doch einfach unverbindlich vorbei oder informieren Sie sich vorab: Training ist immer Donnerstag: von 20:00 &#8211; 21:00 Uhr in der&hellip;","_links":{"self":[{"href":"https:\/\/www.tv-schafbruecke.de\/index.php\/wp-json\/wp\/v2\/pages\/242","targetHints":{"allow":["GET"]}}],"collection":[{"href":"https:\/\/www.tv-schafbruecke.de\/index.php\/wp-json\/wp\/v2\/pages"}],"about":[{"href":"https:\/\/www.tv-schafbruecke.de\/index.php\/wp-json\/wp\/v2\/types\/page"}],"author":[{"embeddable":true,"href":"https:\/\/www.tv-schafbruecke.de\/index.php\/wp-json\/wp\/v2\/users\/1"}],"replies":[{"embeddable":true,"href":"https:\/\/www.tv-schafbruecke.de\/index.php\/wp-json\/wp\/v2\/comments?post=242"}],"version-history":[{"count":6,"href":"https:\/\/www.tv-schafbruecke.de\/index.php\/wp-json\/wp\/v2\/pages\/242\/revisions"}],"predecessor-version":[{"id":1635,"href":"https:\/\/www.tv-schafbruecke.de\/index.php\/wp-json\/wp\/v2\/pages\/242\/revisions\/1635"}],"wp:featuredmedia":[{"embeddable":true,"href":"https:\/\/www.tv-schafbruecke.de\/index.php\/wp-json\/wp\/v2\/media\/1622"}],"wp:attachment":[{"href":"https:\/\/www.tv-schafbruecke.de\/index.php\/wp-json\/wp\/v2\/media?parent=242"}],"curies":[{"name":"wp","href":"https:\/\/api.w.org\/{rel}","templated":true}]}}