{"id":24,"date":"2020-03-24T09:15:40","date_gmt":"2020-03-24T08:15:40","guid":{"rendered":"https:\/\/tv-schafbruecke.de\/?page_id=24"},"modified":"2020-06-08T06:40:42","modified_gmt":"2020-06-08T04:40:42","slug":"impressum","status":"publish","type":"page","link":"https:\/\/www.tv-schafbruecke.de\/index.php\/impressum\/","title":{"rendered":"Impressum"},"content":{"rendered":"\n<p>Offizielle Website des TV Schafbr\u00fccke e.V.  <strong>www.tv-schafbruecke.de <\/strong><\/p>\n\n\n\n<p><strong>Herausgeber:<\/strong><br>TV Schafbr\u00fccke e.V.<br>Akazienweg 11<br>66121 Saarbr\u00fccken<\/p>\n\n\n\n<p><\/p>\n\n\n\n<p><strong>Verantwortlich:<\/strong><br> Pr\u00e4sidium TV Schafbr\u00fccke e.V.<br>vertreten durch die Pr\u00e4sidentin Astrid J\u00e4ger-M\u00fcller<\/p>\n\n\n\n<p><\/p>\n\n\n\n<p><strong>Haftungsausschluss \/ Disclaimer <\/strong><br>Inhalt des Onlineangebotes :<br>Der Autor \u00fcbernimmt keinerlei Gew\u00e4hr f\u00fcr die Aktualit\u00e4t, Korrektheit, Vollst\u00e4ndigkeit oder Qualit\u00e4t der bereitgestellten Informationen. Haftungsanspr\u00fcche gegen den Autor, die sich auf Sch\u00e4den materieller oder ideeller Art beziehen, welche durch die Nutzung oder Nichtnutzung der dargebotenen Informationen bzw. durch die Nutzung fehlerhafter und unvollst\u00e4ndiger Informationen verursacht wurden sind grunds\u00e4tzlich ausgeschlossen, sofern seitens des Autors kein nachweislich vors\u00e4tzliches oder grob fahrl\u00e4ssiges Verschulden vorliegt.<br>Alle Angebote sind freibleibend und unverbindlich. Der Autor beh\u00e4lt es sich ausdr\u00fccklich vor, Teile der Seiten oder das gesamte Angebot ohne gesonderte Ank\u00fcndigung zu ver\u00e4ndern, zu erg\u00e4nzen, zu l\u00f6schen oder die Ver\u00f6ffentlichung zeitweise oder endg\u00fcltig einzustellen.<\/p>\n\n\n\n<p><\/p>\n\n\n\n<p><strong>Verweise und Links <\/strong><br>Sofern auf Verweisziele (&#8222;Links&#8220;) direkt oder indirekt verwiesen wird, die au\u00dferhalb des Verantwortungsbereiches des Autors liegen, haftet dieser nur dann, wenn er von den Inhalten Kenntnis hat und es ihm technisch m\u00f6glich und zumutbar w\u00e4re, die Nutzung im Falle rechtswidriger Inhalte zu verhindern. F\u00fcr dar\u00fcber hinausgehende Inhalte und insbesondere f\u00fcr Sch\u00e4den, die aus der Nutzung oder Nichtnutzung solcherart dargebotener Informationen entstehen, haftet allein der Anbieter dieser Seiten, nicht derjenige, der \u00fcber Links auf die jeweilige Ver\u00f6ffentlichung lediglich verweist. Diese Einschr\u00e4nkung gilt gleicherma\u00dfen auch f\u00fcr Fremdeintr\u00e4ge in vom Autor eingerichteten G\u00e4steb\u00fcchern, Diskussionsforen und Mailinglisten.<\/p>\n\n\n\n<p><\/p>\n\n\n\n<p><strong>Urheberrecht <\/strong><br>Der Autor ist bestrebt, in allen Publikationen die Urheberrechte der  verwendeten Grafiken, Sounds und Texte zu beachten, von ihm selbst  erstellte Grafiken, Sounds und Texte zu nutzen oder auf lizenzfreie  Grafiken, Sounds und Texte zur\u00fcckzugreifen. Sollte sich auf den  jeweiligen Seiten dennoch eine ungekennzeichnete, aber durch fremdes  Copyright gesch\u00fctzte Grafik, ein Sound oder Text befinden, so konnte das  Copyright vom Autor nicht festgestellt werden. Im Falle einer solchen  unbeabsichtigten Copyrightverletzung wird der Autor das entsprechende  Objekt nach Benachrichtigung aus seiner Publikation entfernen bzw. mit  dem entsprechenden Copyright kenntlich machen. <br>   Das Copyright f\u00fcr ver\u00f6ffentlichte, vom Autor selbst erstellte Objekte  bleibt allein beim Autor der Seiten. Eine Vervielf\u00e4ltigung oder  Verwendung solcher Grafiken, Sounds oder Texte in anderen elektronischen  oder gedruckten Publikationen ist ohne ausdr\u00fcckliche Zustimmung des  Autors nicht gestattet. <\/p>\n\n\n\n<p><strong>Rechtswirksamkeit dieses Haftungsausschlusses<\/strong><br>Sofern Teile oder einzelne Formulierungen dieses Textes der geltenden Rechtslage nicht, nicht mehr oder nicht vollst\u00e4ndig entsprechen sollten, bleiben die \u00fcbrigen Teile des Dokumentes in ihrem Inhalt und ihrer G\u00fcltigkeit davon unber\u00fchrt<\/p>\n\n\n\n<p><\/p>\n","protected":false},"excerpt":{"rendered":"<p>Offizielle Website des TV Schafbr\u00fccke e.V. www.tv-schafbruecke.de Herausgeber:TV Schafbr\u00fccke e.V.Akazienweg 1166121 Saarbr\u00fccken Verantwortlich: Pr\u00e4sidium TV Schafbr\u00fccke e.V.vertreten durch die Pr\u00e4sidentin Astrid J\u00e4ger-M\u00fcller Haftungsausschluss \/ Disclaimer Inhalt des Onlineangebotes :Der Autor \u00fcbernimmt keinerlei Gew\u00e4hr f\u00fcr die Aktualit\u00e4t, Korrektheit, Vollst\u00e4ndigkeit oder Qualit\u00e4t der bereitgestellten Informationen. Haftungsanspr\u00fcche gegen den Autor, die sich auf Sch\u00e4den materieller oder ideeller Art [&hellip;]<\/p>\n","protected":false},"author":1,"featured_media":0,"parent":0,"menu_order":0,"comment_status":"closed","ping_status":"closed","template":"templates\/template-full-width.php","meta":{"_uag_custom_page_level_css":"","footnotes":""},"class_list":["post-24","page","type-page","status-publish","hentry"],"uagb_featured_image_src":{"full":false,"thumbnail":false,"medium":false,"medium_large":false,"large":false,"1536x1536":false,"2048x2048":false,"post-thumbnail":false,"twentytwenty-fullscreen":false},"uagb_author_info":{"display_name":"tvadmin","author_link":"https:\/\/www.tv-schafbruecke.de\/index.php\/author\/tvadmin\/"},"uagb_comment_info":0,"uagb_excerpt":"Offizielle Website des TV Schafbr\u00fccke e.V. www.tv-schafbruecke.de Herausgeber:TV Schafbr\u00fccke e.V.Akazienweg 1166121 Saarbr\u00fccken Verantwortlich: Pr\u00e4sidium TV Schafbr\u00fccke e.V.vertreten durch die Pr\u00e4sidentin Astrid J\u00e4ger-M\u00fcller Haftungsausschluss \/ Disclaimer Inhalt des Onlineangebotes :Der Autor \u00fcbernimmt keinerlei Gew\u00e4hr f\u00fcr die Aktualit\u00e4t, Korrektheit, Vollst\u00e4ndigkeit oder Qualit\u00e4t der bereitgestellten Informationen. Haftungsanspr\u00fcche gegen den Autor, die sich auf Sch\u00e4den materieller oder ideeller Art&hellip;","_links":{"self":[{"href":"https:\/\/www.tv-schafbruecke.de\/index.php\/wp-json\/wp\/v2\/pages\/24","targetHints":{"allow":["GET"]}}],"collection":[{"href":"https:\/\/www.tv-schafbruecke.de\/index.php\/wp-json\/wp\/v2\/pages"}],"about":[{"href":"https:\/\/www.tv-schafbruecke.de\/index.php\/wp-json\/wp\/v2\/types\/page"}],"author":[{"embeddable":true,"href":"https:\/\/www.tv-schafbruecke.de\/index.php\/wp-json\/wp\/v2\/users\/1"}],"replies":[{"embeddable":true,"href":"https:\/\/www.tv-schafbruecke.de\/index.php\/wp-json\/wp\/v2\/comments?post=24"}],"version-history":[{"count":7,"href":"https:\/\/www.tv-schafbruecke.de\/index.php\/wp-json\/wp\/v2\/pages\/24\/revisions"}],"predecessor-version":[{"id":555,"href":"https:\/\/www.tv-schafbruecke.de\/index.php\/wp-json\/wp\/v2\/pages\/24\/revisions\/555"}],"wp:attachment":[{"href":"https:\/\/www.tv-schafbruecke.de\/index.php\/wp-json\/wp\/v2\/media?parent=24"}],"curies":[{"name":"wp","href":"https:\/\/api.w.org\/{rel}","templated":true}]}}