{"id":229,"date":"2020-05-01T16:51:12","date_gmt":"2020-05-01T14:51:12","guid":{"rendered":"https:\/\/tv-schafbruecke.de\/?page_id=229"},"modified":"2025-05-16T22:28:50","modified_gmt":"2025-05-16T20:28:50","slug":"linedance","status":"publish","type":"page","link":"https:\/\/www.tv-schafbruecke.de\/index.php\/linedance\/","title":{"rendered":"Line Dance"},"content":{"rendered":"\n<p>Line Dance ist ein Gruppentanz bei dem die Teilnehmer in Reihen nebeneinander tanzen. Es werden Schrittfolgen erlernt und dann mit Musik gemeinsam getanzt. Haups\u00e4chlich liegt die musikalische Ausrichtung im Country-Bereich aber auch Lieder aus anderen Genres sind dabei. Mein Name ist Anja Schmeer, Kursleiterin Line Dance, und ich w\u00fcrde mich \u00fcber einen Besuch freuen.<br><br><br><\/p>\n\n\n\n<p>Termine: &#8222;Line Dance&#8220; am Dienstagabend, <br>von 20.15 bis 21.15 Uhr f\u00fcr alle Teilnehmenden und <br>von 21.15 bis 22.00 Uhr nur f\u00fcr Fortgeschrittene. \u00dcbungsleiterin ist Anja Schmeer.<\/p>\n\n\n\n<p class=\"has-accent-background-color has-background\">Informationen erteilt Ihnen gerne Anja Schmeer unter anja.schmeer@arcor.de  und (0681-892090)<br><\/p>\n\n\n\n<figure class=\"wp-block-image size-large\"><img loading=\"lazy\" decoding=\"async\" width=\"1024\" height=\"784\" src=\"https:\/\/www.tv-schafbruecke.de\/wp-content\/uploads\/2025\/05\/F-01-1024x784.jpeg\" alt=\"\" class=\"wp-image-1618\" srcset=\"https:\/\/www.tv-schafbruecke.de\/wp-content\/uploads\/2025\/05\/F-01-1024x784.jpeg 1024w, https:\/\/www.tv-schafbruecke.de\/wp-content\/uploads\/2025\/05\/F-01-300x230.jpeg 300w, https:\/\/www.tv-schafbruecke.de\/wp-content\/uploads\/2025\/05\/F-01-768x588.jpeg 768w, https:\/\/www.tv-schafbruecke.de\/wp-content\/uploads\/2025\/05\/F-01-1200x919.jpeg 1200w, https:\/\/www.tv-schafbruecke.de\/wp-content\/uploads\/2025\/05\/F-01.jpeg 1510w\" sizes=\"auto, (max-width: 1024px) 100vw, 1024px\" \/><\/figure>\n","protected":false},"excerpt":{"rendered":"<p>Line Dance ist ein Gruppentanz bei dem die Teilnehmer in Reihen nebeneinander tanzen. Es werden Schrittfolgen erlernt und dann mit Musik gemeinsam getanzt. Haups\u00e4chlich liegt die musikalische Ausrichtung im Country-Bereich aber auch Lieder aus anderen Genres sind dabei. Mein Name ist Anja Schmeer, Kursleiterin Line Dance, und ich w\u00fcrde mich \u00fcber einen Besuch freuen. Termine: [&hellip;]<\/p>\n","protected":false},"author":1,"featured_media":1620,"parent":0,"menu_order":0,"comment_status":"closed","ping_status":"closed","template":"templates\/template-full-width.php","meta":{"_uag_custom_page_level_css":"","footnotes":""},"class_list":["post-229","page","type-page","status-publish","has-post-thumbnail","hentry"],"uagb_featured_image_src":{"full":["https:\/\/www.tv-schafbruecke.de\/wp-content\/uploads\/2025\/05\/F-03.jpeg",1445,1017,false],"thumbnail":["https:\/\/www.tv-schafbruecke.de\/wp-content\/uploads\/2025\/05\/F-03-150x150.jpeg",150,150,true],"medium":["https:\/\/www.tv-schafbruecke.de\/wp-content\/uploads\/2025\/05\/F-03-300x211.jpeg",300,211,true],"medium_large":["https:\/\/www.tv-schafbruecke.de\/wp-content\/uploads\/2025\/05\/F-03-768x541.jpeg",580,409,true],"large":["https:\/\/www.tv-schafbruecke.de\/wp-content\/uploads\/2025\/05\/F-03-1024x721.jpeg",580,408,true],"1536x1536":["https:\/\/www.tv-schafbruecke.de\/wp-content\/uploads\/2025\/05\/F-03.jpeg",1445,1017,false],"2048x2048":["https:\/\/www.tv-schafbruecke.de\/wp-content\/uploads\/2025\/05\/F-03.jpeg",1445,1017,false],"post-thumbnail":["https:\/\/www.tv-schafbruecke.de\/wp-content\/uploads\/2025\/05\/F-03-1200x845.jpeg",1200,845,true],"twentytwenty-fullscreen":["https:\/\/www.tv-schafbruecke.de\/wp-content\/uploads\/2025\/05\/F-03.jpeg",1445,1017,false]},"uagb_author_info":{"display_name":"tvadmin","author_link":"https:\/\/www.tv-schafbruecke.de\/index.php\/author\/tvadmin\/"},"uagb_comment_info":0,"uagb_excerpt":"Line Dance ist ein Gruppentanz bei dem die Teilnehmer in Reihen nebeneinander tanzen. Es werden Schrittfolgen erlernt und dann mit Musik gemeinsam getanzt. Haups\u00e4chlich liegt die musikalische Ausrichtung im Country-Bereich aber auch Lieder aus anderen Genres sind dabei. Mein Name ist Anja Schmeer, Kursleiterin Line Dance, und ich w\u00fcrde mich \u00fcber einen Besuch freuen. Termine:&hellip;","_links":{"self":[{"href":"https:\/\/www.tv-schafbruecke.de\/index.php\/wp-json\/wp\/v2\/pages\/229","targetHints":{"allow":["GET"]}}],"collection":[{"href":"https:\/\/www.tv-schafbruecke.de\/index.php\/wp-json\/wp\/v2\/pages"}],"about":[{"href":"https:\/\/www.tv-schafbruecke.de\/index.php\/wp-json\/wp\/v2\/types\/page"}],"author":[{"embeddable":true,"href":"https:\/\/www.tv-schafbruecke.de\/index.php\/wp-json\/wp\/v2\/users\/1"}],"replies":[{"embeddable":true,"href":"https:\/\/www.tv-schafbruecke.de\/index.php\/wp-json\/wp\/v2\/comments?post=229"}],"version-history":[{"count":7,"href":"https:\/\/www.tv-schafbruecke.de\/index.php\/wp-json\/wp\/v2\/pages\/229\/revisions"}],"predecessor-version":[{"id":1636,"href":"https:\/\/www.tv-schafbruecke.de\/index.php\/wp-json\/wp\/v2\/pages\/229\/revisions\/1636"}],"wp:featuredmedia":[{"embeddable":true,"href":"https:\/\/www.tv-schafbruecke.de\/index.php\/wp-json\/wp\/v2\/media\/1620"}],"wp:attachment":[{"href":"https:\/\/www.tv-schafbruecke.de\/index.php\/wp-json\/wp\/v2\/media?parent=229"}],"curies":[{"name":"wp","href":"https:\/\/api.w.org\/{rel}","templated":true}]}}