{"id":202,"date":"2020-04-30T10:18:02","date_gmt":"2020-04-30T08:18:02","guid":{"rendered":"https:\/\/tv-schafbruecke.de\/?page_id=202"},"modified":"2025-09-29T11:08:42","modified_gmt":"2025-09-29T09:08:42","slug":"kraft-und-fitness-fuer-frauen","status":"publish","type":"page","link":"https:\/\/www.tv-schafbruecke.de\/index.php\/kraft-und-fitness-fuer-frauen\/","title":{"rendered":"Kraft und Fitness f\u00fcr Frauen"},"content":{"rendered":"\n<figure class=\"wp-block-image alignwide size-large\"><img loading=\"lazy\" decoding=\"async\" width=\"1024\" height=\"682\" src=\"http:\/\/www.tv-schafbruecke.de\/wp-content\/uploads\/2020\/10\/wz_web-FitnessFrauen-19-1024x682.jpg\" alt=\"\" class=\"wp-image-700\" srcset=\"https:\/\/www.tv-schafbruecke.de\/wp-content\/uploads\/2020\/10\/wz_web-FitnessFrauen-19-1024x682.jpg 1024w, https:\/\/www.tv-schafbruecke.de\/wp-content\/uploads\/2020\/10\/wz_web-FitnessFrauen-19-300x200.jpg 300w, https:\/\/www.tv-schafbruecke.de\/wp-content\/uploads\/2020\/10\/wz_web-FitnessFrauen-19-768x512.jpg 768w, https:\/\/www.tv-schafbruecke.de\/wp-content\/uploads\/2020\/10\/wz_web-FitnessFrauen-19-1536x1023.jpg 1536w, https:\/\/www.tv-schafbruecke.de\/wp-content\/uploads\/2020\/10\/wz_web-FitnessFrauen-19-1200x800.jpg 1200w, https:\/\/www.tv-schafbruecke.de\/wp-content\/uploads\/2020\/10\/wz_web-FitnessFrauen-19.jpg 1600w\" sizes=\"auto, (max-width: 1024px) 100vw, 1024px\" \/><\/figure>\n\n\n\n<p><br>Ole M\u00fcller bietet Fitness-, Pr\u00e4ventions- und Rehabilitationstraining auch f\u00fcr Damen an.<br>Auch hier ist die Grundlage ein Zirkeltraining zu Kraft, Ausdauer und Beweglichkeit im Stile eines Fitnessstudios. Das Angebot richtet sich an Frauen zwischen 40 und 60 Jahren (evtl. auch j\u00fcnger und \u00e4lter).<\/p>\n\n\n\n<p><br>Termin: Mittwoch 18:30 \u2013 20 Uhr<\/p>\n\n\n\n<p class=\"has-accent-background-color has-background\"><br>Teilnahmebedingung: Anmeldung im Turnverein + Zehnerkarte (30 \u20ac)<br>Anmeldung: Astrid J\u00e4ger-M\u00fcller (0681-813176)<\/p>\n\n\n\n<figure class=\"wp-block-gallery has-nested-images columns-default is-cropped wp-block-gallery-1 is-layout-flex wp-block-gallery-is-layout-flex\">\n<figure class=\"wp-block-image size-large is-style-default\"><img loading=\"lazy\" decoding=\"async\" width=\"1024\" height=\"768\" data-id=\"703\" src=\"https:\/\/www.tv-schafbruecke.de\/wp-content\/uploads\/2020\/10\/wz_web-FitnessFrauen-02-1024x768.jpg\" alt=\"\" class=\"wp-image-703\" srcset=\"https:\/\/www.tv-schafbruecke.de\/wp-content\/uploads\/2020\/10\/wz_web-FitnessFrauen-02-1024x768.jpg 1024w, https:\/\/www.tv-schafbruecke.de\/wp-content\/uploads\/2020\/10\/wz_web-FitnessFrauen-02-300x225.jpg 300w, https:\/\/www.tv-schafbruecke.de\/wp-content\/uploads\/2020\/10\/wz_web-FitnessFrauen-02-768x576.jpg 768w, https:\/\/www.tv-schafbruecke.de\/wp-content\/uploads\/2020\/10\/wz_web-FitnessFrauen-02-1536x1152.jpg 1536w, https:\/\/www.tv-schafbruecke.de\/wp-content\/uploads\/2020\/10\/wz_web-FitnessFrauen-02-1200x900.jpg 1200w, https:\/\/www.tv-schafbruecke.de\/wp-content\/uploads\/2020\/10\/wz_web-FitnessFrauen-02.jpg 1600w\" sizes=\"auto, (max-width: 1024px) 100vw, 1024px\" \/><\/figure>\n\n\n\n<figure class=\"wp-block-image size-large\"><img loading=\"lazy\" decoding=\"async\" width=\"1024\" height=\"768\" data-id=\"702\" src=\"https:\/\/www.tv-schafbruecke.de\/wp-content\/uploads\/2020\/10\/wz_web-FitnessFrauen-03-1024x768.jpg\" alt=\"\" class=\"wp-image-702\" srcset=\"https:\/\/www.tv-schafbruecke.de\/wp-content\/uploads\/2020\/10\/wz_web-FitnessFrauen-03-1024x768.jpg 1024w, https:\/\/www.tv-schafbruecke.de\/wp-content\/uploads\/2020\/10\/wz_web-FitnessFrauen-03-300x225.jpg 300w, https:\/\/www.tv-schafbruecke.de\/wp-content\/uploads\/2020\/10\/wz_web-FitnessFrauen-03-768x576.jpg 768w, https:\/\/www.tv-schafbruecke.de\/wp-content\/uploads\/2020\/10\/wz_web-FitnessFrauen-03-1536x1152.jpg 1536w, https:\/\/www.tv-schafbruecke.de\/wp-content\/uploads\/2020\/10\/wz_web-FitnessFrauen-03-1200x900.jpg 1200w, https:\/\/www.tv-schafbruecke.de\/wp-content\/uploads\/2020\/10\/wz_web-FitnessFrauen-03.jpg 1600w\" sizes=\"auto, (max-width: 1024px) 100vw, 1024px\" \/><\/figure>\n\n\n\n<figure class=\"wp-block-image size-large\"><img loading=\"lazy\" decoding=\"async\" width=\"768\" height=\"1024\" data-id=\"701\" src=\"https:\/\/www.tv-schafbruecke.de\/wp-content\/uploads\/2020\/10\/wz_web-FitnessFrauen-12-768x1024.jpg\" alt=\"\" class=\"wp-image-701\" srcset=\"https:\/\/www.tv-schafbruecke.de\/wp-content\/uploads\/2020\/10\/wz_web-FitnessFrauen-12-768x1024.jpg 768w, https:\/\/www.tv-schafbruecke.de\/wp-content\/uploads\/2020\/10\/wz_web-FitnessFrauen-12-225x300.jpg 225w, https:\/\/www.tv-schafbruecke.de\/wp-content\/uploads\/2020\/10\/wz_web-FitnessFrauen-12-1152x1536.jpg 1152w, https:\/\/www.tv-schafbruecke.de\/wp-content\/uploads\/2020\/10\/wz_web-FitnessFrauen-12.jpg 1200w\" sizes=\"auto, (max-width: 768px) 100vw, 768px\" \/><\/figure>\n\n\n\n<figure class=\"wp-block-image size-large\"><img loading=\"lazy\" decoding=\"async\" width=\"1024\" height=\"682\" data-id=\"700\" src=\"https:\/\/www.tv-schafbruecke.de\/wp-content\/uploads\/2020\/10\/wz_web-FitnessFrauen-19-1024x682.jpg\" alt=\"\" class=\"wp-image-700\" srcset=\"https:\/\/www.tv-schafbruecke.de\/wp-content\/uploads\/2020\/10\/wz_web-FitnessFrauen-19-1024x682.jpg 1024w, https:\/\/www.tv-schafbruecke.de\/wp-content\/uploads\/2020\/10\/wz_web-FitnessFrauen-19-300x200.jpg 300w, https:\/\/www.tv-schafbruecke.de\/wp-content\/uploads\/2020\/10\/wz_web-FitnessFrauen-19-768x512.jpg 768w, https:\/\/www.tv-schafbruecke.de\/wp-content\/uploads\/2020\/10\/wz_web-FitnessFrauen-19-1536x1023.jpg 1536w, https:\/\/www.tv-schafbruecke.de\/wp-content\/uploads\/2020\/10\/wz_web-FitnessFrauen-19-1200x800.jpg 1200w, https:\/\/www.tv-schafbruecke.de\/wp-content\/uploads\/2020\/10\/wz_web-FitnessFrauen-19.jpg 1600w\" sizes=\"auto, (max-width: 1024px) 100vw, 1024px\" \/><\/figure>\n\n\n\n<figure class=\"wp-block-image size-large\"><img loading=\"lazy\" decoding=\"async\" width=\"1024\" height=\"683\" data-id=\"699\" src=\"https:\/\/www.tv-schafbruecke.de\/wp-content\/uploads\/2020\/10\/wz_web-FitnessFrauen-21-1024x683.jpg\" alt=\"\" class=\"wp-image-699\" srcset=\"https:\/\/www.tv-schafbruecke.de\/wp-content\/uploads\/2020\/10\/wz_web-FitnessFrauen-21-1024x683.jpg 1024w, https:\/\/www.tv-schafbruecke.de\/wp-content\/uploads\/2020\/10\/wz_web-FitnessFrauen-21-300x200.jpg 300w, https:\/\/www.tv-schafbruecke.de\/wp-content\/uploads\/2020\/10\/wz_web-FitnessFrauen-21-768x512.jpg 768w, https:\/\/www.tv-schafbruecke.de\/wp-content\/uploads\/2020\/10\/wz_web-FitnessFrauen-21-1536x1024.jpg 1536w, https:\/\/www.tv-schafbruecke.de\/wp-content\/uploads\/2020\/10\/wz_web-FitnessFrauen-21-1200x800.jpg 1200w, https:\/\/www.tv-schafbruecke.de\/wp-content\/uploads\/2020\/10\/wz_web-FitnessFrauen-21.jpg 1600w\" sizes=\"auto, (max-width: 1024px) 100vw, 1024px\" \/><\/figure>\n\n\n\n<figure class=\"wp-block-image size-large\"><img loading=\"lazy\" decoding=\"async\" width=\"1024\" height=\"683\" data-id=\"698\" src=\"https:\/\/www.tv-schafbruecke.de\/wp-content\/uploads\/2020\/10\/wz_web-FitnessFrauen-23-1024x683.jpg\" alt=\"\" class=\"wp-image-698\" srcset=\"https:\/\/www.tv-schafbruecke.de\/wp-content\/uploads\/2020\/10\/wz_web-FitnessFrauen-23-1024x683.jpg 1024w, https:\/\/www.tv-schafbruecke.de\/wp-content\/uploads\/2020\/10\/wz_web-FitnessFrauen-23-300x200.jpg 300w, https:\/\/www.tv-schafbruecke.de\/wp-content\/uploads\/2020\/10\/wz_web-FitnessFrauen-23-768x512.jpg 768w, https:\/\/www.tv-schafbruecke.de\/wp-content\/uploads\/2020\/10\/wz_web-FitnessFrauen-23-1536x1024.jpg 1536w, https:\/\/www.tv-schafbruecke.de\/wp-content\/uploads\/2020\/10\/wz_web-FitnessFrauen-23-1200x800.jpg 1200w, https:\/\/www.tv-schafbruecke.de\/wp-content\/uploads\/2020\/10\/wz_web-FitnessFrauen-23.jpg 1600w\" sizes=\"auto, (max-width: 1024px) 100vw, 1024px\" \/><\/figure>\n\n\n\n<figure class=\"wp-block-image size-large\"><img loading=\"lazy\" decoding=\"async\" width=\"1024\" height=\"683\" data-id=\"696\" src=\"https:\/\/www.tv-schafbruecke.de\/wp-content\/uploads\/2020\/10\/wz_web-FitnessFrauen-26-1024x683.png\" alt=\"\" class=\"wp-image-696\" srcset=\"https:\/\/www.tv-schafbruecke.de\/wp-content\/uploads\/2020\/10\/wz_web-FitnessFrauen-26-1024x683.png 1024w, https:\/\/www.tv-schafbruecke.de\/wp-content\/uploads\/2020\/10\/wz_web-FitnessFrauen-26-300x200.png 300w, https:\/\/www.tv-schafbruecke.de\/wp-content\/uploads\/2020\/10\/wz_web-FitnessFrauen-26-768x512.png 768w, https:\/\/www.tv-schafbruecke.de\/wp-content\/uploads\/2020\/10\/wz_web-FitnessFrauen-26-1536x1024.png 1536w, https:\/\/www.tv-schafbruecke.de\/wp-content\/uploads\/2020\/10\/wz_web-FitnessFrauen-26-1200x800.png 1200w, https:\/\/www.tv-schafbruecke.de\/wp-content\/uploads\/2020\/10\/wz_web-FitnessFrauen-26.png 1600w\" sizes=\"auto, (max-width: 1024px) 100vw, 1024px\" \/><\/figure>\n\n\n\n<figure class=\"wp-block-image size-large\"><img loading=\"lazy\" decoding=\"async\" width=\"1024\" height=\"683\" data-id=\"695\" src=\"https:\/\/www.tv-schafbruecke.de\/wp-content\/uploads\/2020\/10\/wz_web-FitnessFrauen-33-1024x683.jpg\" alt=\"\" class=\"wp-image-695\" srcset=\"https:\/\/www.tv-schafbruecke.de\/wp-content\/uploads\/2020\/10\/wz_web-FitnessFrauen-33-1024x683.jpg 1024w, https:\/\/www.tv-schafbruecke.de\/wp-content\/uploads\/2020\/10\/wz_web-FitnessFrauen-33-300x200.jpg 300w, https:\/\/www.tv-schafbruecke.de\/wp-content\/uploads\/2020\/10\/wz_web-FitnessFrauen-33-768x512.jpg 768w, https:\/\/www.tv-schafbruecke.de\/wp-content\/uploads\/2020\/10\/wz_web-FitnessFrauen-33-1536x1024.jpg 1536w, https:\/\/www.tv-schafbruecke.de\/wp-content\/uploads\/2020\/10\/wz_web-FitnessFrauen-33-1200x800.jpg 1200w, https:\/\/www.tv-schafbruecke.de\/wp-content\/uploads\/2020\/10\/wz_web-FitnessFrauen-33.jpg 1600w\" sizes=\"auto, (max-width: 1024px) 100vw, 1024px\" \/><\/figure>\n<\/figure>\n","protected":false},"excerpt":{"rendered":"<p>Ole M\u00fcller bietet Fitness-, Pr\u00e4ventions- und Rehabilitationstraining auch f\u00fcr Damen an.Auch hier ist die Grundlage ein Zirkeltraining zu Kraft, Ausdauer und Beweglichkeit im Stile eines Fitnessstudios. Das Angebot richtet sich an Frauen zwischen 40 und 60 Jahren (evtl. auch j\u00fcnger und \u00e4lter). Termin: Mittwoch 18:30 \u2013 20 Uhr Teilnahmebedingung: Anmeldung im Turnverein + Zehnerkarte (30 [&hellip;]<\/p>\n","protected":false},"author":1,"featured_media":0,"parent":0,"menu_order":0,"comment_status":"closed","ping_status":"closed","template":"templates\/template-full-width.php","meta":{"_uag_custom_page_level_css":"","footnotes":""},"class_list":["post-202","page","type-page","status-publish","hentry"],"uagb_featured_image_src":{"full":false,"thumbnail":false,"medium":false,"medium_large":false,"large":false,"1536x1536":false,"2048x2048":false,"post-thumbnail":false,"twentytwenty-fullscreen":false},"uagb_author_info":{"display_name":"tvadmin","author_link":"https:\/\/www.tv-schafbruecke.de\/index.php\/author\/tvadmin\/"},"uagb_comment_info":0,"uagb_excerpt":"Ole M\u00fcller bietet Fitness-, Pr\u00e4ventions- und Rehabilitationstraining auch f\u00fcr Damen an.Auch hier ist die Grundlage ein Zirkeltraining zu Kraft, Ausdauer und Beweglichkeit im Stile eines Fitnessstudios. Das Angebot richtet sich an Frauen zwischen 40 und 60 Jahren (evtl. auch j\u00fcnger und \u00e4lter). Termin: Mittwoch 18:30 \u2013 20 Uhr Teilnahmebedingung: Anmeldung im Turnverein + Zehnerkarte (30&hellip;","_links":{"self":[{"href":"https:\/\/www.tv-schafbruecke.de\/index.php\/wp-json\/wp\/v2\/pages\/202","targetHints":{"allow":["GET"]}}],"collection":[{"href":"https:\/\/www.tv-schafbruecke.de\/index.php\/wp-json\/wp\/v2\/pages"}],"about":[{"href":"https:\/\/www.tv-schafbruecke.de\/index.php\/wp-json\/wp\/v2\/types\/page"}],"author":[{"embeddable":true,"href":"https:\/\/www.tv-schafbruecke.de\/index.php\/wp-json\/wp\/v2\/users\/1"}],"replies":[{"embeddable":true,"href":"https:\/\/www.tv-schafbruecke.de\/index.php\/wp-json\/wp\/v2\/comments?post=202"}],"version-history":[{"count":13,"href":"https:\/\/www.tv-schafbruecke.de\/index.php\/wp-json\/wp\/v2\/pages\/202\/revisions"}],"predecessor-version":[{"id":2060,"href":"https:\/\/www.tv-schafbruecke.de\/index.php\/wp-json\/wp\/v2\/pages\/202\/revisions\/2060"}],"wp:attachment":[{"href":"https:\/\/www.tv-schafbruecke.de\/index.php\/wp-json\/wp\/v2\/media?parent=202"}],"curies":[{"name":"wp","href":"https:\/\/api.w.org\/{rel}","templated":true}]}}