{"id":152,"date":"2020-04-26T18:15:45","date_gmt":"2020-04-26T16:15:45","guid":{"rendered":"https:\/\/tv-schafbruecke.de\/?page_id=152"},"modified":"2022-12-29T18:38:47","modified_gmt":"2022-12-29T17:38:47","slug":"kraft-und-fitness-fuer-maenner","status":"publish","type":"page","link":"https:\/\/www.tv-schafbruecke.de\/index.php\/kraft-und-fitness-fuer-maenner\/","title":{"rendered":"Kraft und Fitness f\u00fcr M\u00e4nner"},"content":{"rendered":"\n<p><\/p>\n\n\n\n<p><strong>Kraft und Fitness f\u00fcr M\u00e4nner <\/strong><\/p>\n\n\n\n<p><br>Das Fitnessstudio in der Turnhalle: Unser Angebot f\u00fcr M\u00e4nner (ab 40 Jahre) verbindet Gesundheitssport und Fitnesstraining mit Spiel und Geselligkeit. Fitness- und Rehabilitationstrainer Ole M\u00fcller bietet den Teilnehmern ein vielf\u00e4ltiges Circuit- und Stationentraining mit Musik sowie Kraft- und Koordinations\u00fcbungen zur Pr\u00e4vention und Erhalt der Leistungsf\u00e4higkeit.<\/p>\n\n\n\n<p>Termin: Mittwoch 20 -21.30 Uhr<\/p>\n\n\n\n<p class=\"has-accent-background-color has-background\"><br>Teilnahmebedingung: Anmeldung im Turnverein + Zehnerkarte (30\u20ac)<br>Anmeldung: Uwe M\u00fcller (0681-813176)<\/p>\n\n\n\n<figure class=\"wp-block-gallery alignwide has-nested-images columns-default is-cropped wp-block-gallery-1 is-layout-flex wp-block-gallery-is-layout-flex\">\n<figure class=\"wp-block-image size-large\"><img loading=\"lazy\" decoding=\"async\" width=\"1024\" height=\"683\" data-id=\"607\" src=\"https:\/\/www.tv-schafbruecke.de\/wp-content\/uploads\/2020\/09\/FitnessMaenner-04-1024x683.jpg\" alt=\"\" class=\"wp-image-607\" srcset=\"https:\/\/www.tv-schafbruecke.de\/wp-content\/uploads\/2020\/09\/FitnessMaenner-04-1024x683.jpg 1024w, https:\/\/www.tv-schafbruecke.de\/wp-content\/uploads\/2020\/09\/FitnessMaenner-04-300x200.jpg 300w, https:\/\/www.tv-schafbruecke.de\/wp-content\/uploads\/2020\/09\/FitnessMaenner-04-768x512.jpg 768w, https:\/\/www.tv-schafbruecke.de\/wp-content\/uploads\/2020\/09\/FitnessMaenner-04-1200x800.jpg 1200w, https:\/\/www.tv-schafbruecke.de\/wp-content\/uploads\/2020\/09\/FitnessMaenner-04.jpg 1500w\" sizes=\"auto, (max-width: 1024px) 100vw, 1024px\" \/><\/figure>\n\n\n\n<figure class=\"wp-block-image size-large\"><img loading=\"lazy\" decoding=\"async\" width=\"1024\" height=\"604\" data-id=\"601\" src=\"https:\/\/www.tv-schafbruecke.de\/wp-content\/uploads\/2020\/09\/Hantel-02-1024x604.png\" alt=\"\" class=\"wp-image-601\" srcset=\"https:\/\/www.tv-schafbruecke.de\/wp-content\/uploads\/2020\/09\/Hantel-02-1024x604.png 1024w, https:\/\/www.tv-schafbruecke.de\/wp-content\/uploads\/2020\/09\/Hantel-02-300x177.png 300w, https:\/\/www.tv-schafbruecke.de\/wp-content\/uploads\/2020\/09\/Hantel-02-768x453.png 768w, https:\/\/www.tv-schafbruecke.de\/wp-content\/uploads\/2020\/09\/Hantel-02-1536x906.png 1536w, https:\/\/www.tv-schafbruecke.de\/wp-content\/uploads\/2020\/09\/Hantel-02-1200x708.png 1200w, https:\/\/www.tv-schafbruecke.de\/wp-content\/uploads\/2020\/09\/Hantel-02.png 1817w\" sizes=\"auto, (max-width: 1024px) 100vw, 1024px\" \/><\/figure>\n\n\n\n<figure class=\"wp-block-image size-large\"><img loading=\"lazy\" decoding=\"async\" width=\"1013\" height=\"675\" data-id=\"602\" src=\"https:\/\/www.tv-schafbruecke.de\/wp-content\/uploads\/2020\/09\/FitnessMaennerSeil-01.jpg\" alt=\"\" class=\"wp-image-602\" srcset=\"https:\/\/www.tv-schafbruecke.de\/wp-content\/uploads\/2020\/09\/FitnessMaennerSeil-01.jpg 1013w, https:\/\/www.tv-schafbruecke.de\/wp-content\/uploads\/2020\/09\/FitnessMaennerSeil-01-300x200.jpg 300w, https:\/\/www.tv-schafbruecke.de\/wp-content\/uploads\/2020\/09\/FitnessMaennerSeil-01-768x512.jpg 768w\" sizes=\"auto, (max-width: 1013px) 100vw, 1013px\" \/><\/figure>\n\n\n\n<figure class=\"wp-block-image size-large\"><img loading=\"lazy\" decoding=\"async\" width=\"1024\" height=\"682\" data-id=\"603\" src=\"https:\/\/www.tv-schafbruecke.de\/wp-content\/uploads\/2020\/09\/FitnessMaenner-06-1024x682.jpg\" alt=\"\" class=\"wp-image-603\" srcset=\"https:\/\/www.tv-schafbruecke.de\/wp-content\/uploads\/2020\/09\/FitnessMaenner-06-1024x682.jpg 1024w, https:\/\/www.tv-schafbruecke.de\/wp-content\/uploads\/2020\/09\/FitnessMaenner-06-300x200.jpg 300w, https:\/\/www.tv-schafbruecke.de\/wp-content\/uploads\/2020\/09\/FitnessMaenner-06-768x512.jpg 768w, https:\/\/www.tv-schafbruecke.de\/wp-content\/uploads\/2020\/09\/FitnessMaenner-06-1536x1024.jpg 1536w, https:\/\/www.tv-schafbruecke.de\/wp-content\/uploads\/2020\/09\/FitnessMaenner-06-1200x800.jpg 1200w, https:\/\/www.tv-schafbruecke.de\/wp-content\/uploads\/2020\/09\/FitnessMaenner-06-1980x1320.jpg 1980w, https:\/\/www.tv-schafbruecke.de\/wp-content\/uploads\/2020\/09\/FitnessMaenner-06.jpg 2036w\" sizes=\"auto, (max-width: 1024px) 100vw, 1024px\" \/><\/figure>\n\n\n\n<figure class=\"wp-block-image size-large\"><img loading=\"lazy\" decoding=\"async\" width=\"1024\" height=\"682\" data-id=\"605\" src=\"https:\/\/www.tv-schafbruecke.de\/wp-content\/uploads\/2020\/09\/FitnessMaenner-02-1024x682.jpg\" alt=\"\" class=\"wp-image-605\" srcset=\"https:\/\/www.tv-schafbruecke.de\/wp-content\/uploads\/2020\/09\/FitnessMaenner-02-1024x682.jpg 1024w, https:\/\/www.tv-schafbruecke.de\/wp-content\/uploads\/2020\/09\/FitnessMaenner-02-300x200.jpg 300w, https:\/\/www.tv-schafbruecke.de\/wp-content\/uploads\/2020\/09\/FitnessMaenner-02-768x512.jpg 768w, https:\/\/www.tv-schafbruecke.de\/wp-content\/uploads\/2020\/09\/FitnessMaenner-02-1536x1024.jpg 1536w, https:\/\/www.tv-schafbruecke.de\/wp-content\/uploads\/2020\/09\/FitnessMaenner-02-1200x800.jpg 1200w, https:\/\/www.tv-schafbruecke.de\/wp-content\/uploads\/2020\/09\/FitnessMaenner-02-1980x1320.jpg 1980w, https:\/\/www.tv-schafbruecke.de\/wp-content\/uploads\/2020\/09\/FitnessMaenner-02.jpg 2042w\" sizes=\"auto, (max-width: 1024px) 100vw, 1024px\" \/><\/figure>\n\n\n\n<figure class=\"wp-block-image size-large\"><img loading=\"lazy\" decoding=\"async\" width=\"1024\" height=\"682\" data-id=\"604\" src=\"https:\/\/www.tv-schafbruecke.de\/wp-content\/uploads\/2020\/09\/FitnessMaenner-05-1024x682.jpg\" alt=\"\" class=\"wp-image-604\" srcset=\"https:\/\/www.tv-schafbruecke.de\/wp-content\/uploads\/2020\/09\/FitnessMaenner-05-1024x682.jpg 1024w, https:\/\/www.tv-schafbruecke.de\/wp-content\/uploads\/2020\/09\/FitnessMaenner-05-300x200.jpg 300w, https:\/\/www.tv-schafbruecke.de\/wp-content\/uploads\/2020\/09\/FitnessMaenner-05-768x512.jpg 768w, https:\/\/www.tv-schafbruecke.de\/wp-content\/uploads\/2020\/09\/FitnessMaenner-05-1536x1024.jpg 1536w, https:\/\/www.tv-schafbruecke.de\/wp-content\/uploads\/2020\/09\/FitnessMaenner-05-1200x800.jpg 1200w, https:\/\/www.tv-schafbruecke.de\/wp-content\/uploads\/2020\/09\/FitnessMaenner-05-1980x1320.jpg 1980w, https:\/\/www.tv-schafbruecke.de\/wp-content\/uploads\/2020\/09\/FitnessMaenner-05.jpg 2036w\" sizes=\"auto, (max-width: 1024px) 100vw, 1024px\" \/><\/figure>\n\n\n\n<figure class=\"wp-block-image size-large\"><img loading=\"lazy\" decoding=\"async\" width=\"1024\" height=\"682\" data-id=\"608\" src=\"https:\/\/www.tv-schafbruecke.de\/wp-content\/uploads\/2020\/09\/FitnessMaenner-03-1024x682.jpg\" alt=\"\" class=\"wp-image-608\" srcset=\"https:\/\/www.tv-schafbruecke.de\/wp-content\/uploads\/2020\/09\/FitnessMaenner-03-1024x682.jpg 1024w, https:\/\/www.tv-schafbruecke.de\/wp-content\/uploads\/2020\/09\/FitnessMaenner-03-300x200.jpg 300w, https:\/\/www.tv-schafbruecke.de\/wp-content\/uploads\/2020\/09\/FitnessMaenner-03-768x511.jpg 768w, https:\/\/www.tv-schafbruecke.de\/wp-content\/uploads\/2020\/09\/FitnessMaenner-03-1200x799.jpg 1200w, https:\/\/www.tv-schafbruecke.de\/wp-content\/uploads\/2020\/09\/FitnessMaenner-03.jpg 1500w\" sizes=\"auto, (max-width: 1024px) 100vw, 1024px\" \/><\/figure>\n\n\n\n<figure class=\"wp-block-image size-large\"><img loading=\"lazy\" decoding=\"async\" width=\"1024\" height=\"683\" data-id=\"612\" src=\"https:\/\/www.tv-schafbruecke.de\/wp-content\/uploads\/2020\/09\/FitnessMaenner-07-1024x683.jpg\" alt=\"\" class=\"wp-image-612\" srcset=\"https:\/\/www.tv-schafbruecke.de\/wp-content\/uploads\/2020\/09\/FitnessMaenner-07-1024x683.jpg 1024w, https:\/\/www.tv-schafbruecke.de\/wp-content\/uploads\/2020\/09\/FitnessMaenner-07-300x200.jpg 300w, https:\/\/www.tv-schafbruecke.de\/wp-content\/uploads\/2020\/09\/FitnessMaenner-07-768x512.jpg 768w, https:\/\/www.tv-schafbruecke.de\/wp-content\/uploads\/2020\/09\/FitnessMaenner-07-1536x1024.jpg 1536w, https:\/\/www.tv-schafbruecke.de\/wp-content\/uploads\/2020\/09\/FitnessMaenner-07-2048x1365.jpg 2048w, https:\/\/www.tv-schafbruecke.de\/wp-content\/uploads\/2020\/09\/FitnessMaenner-07-1200x800.jpg 1200w, https:\/\/www.tv-schafbruecke.de\/wp-content\/uploads\/2020\/09\/FitnessMaenner-07-1980x1320.jpg 1980w\" sizes=\"auto, (max-width: 1024px) 100vw, 1024px\" \/><\/figure>\n<\/figure>\n","protected":false},"excerpt":{"rendered":"<p>Kraft und Fitness f\u00fcr M\u00e4nner Das Fitnessstudio in der Turnhalle: Unser Angebot f\u00fcr M\u00e4nner (ab 40 Jahre) verbindet Gesundheitssport und Fitnesstraining mit Spiel und Geselligkeit. Fitness- und Rehabilitationstrainer Ole M\u00fcller bietet den Teilnehmern ein vielf\u00e4ltiges Circuit- und Stationentraining mit Musik sowie Kraft- und Koordinations\u00fcbungen zur Pr\u00e4vention und Erhalt der Leistungsf\u00e4higkeit. Termin: Mittwoch 20 -21.30 Uhr [&hellip;]<\/p>\n","protected":false},"author":1,"featured_media":129,"parent":0,"menu_order":0,"comment_status":"closed","ping_status":"closed","template":"templates\/template-full-width.php","meta":{"_uag_custom_page_level_css":"","footnotes":""},"class_list":["post-152","page","type-page","status-publish","has-post-thumbnail","hentry"],"uagb_featured_image_src":{"full":["https:\/\/www.tv-schafbruecke.de\/wp-content\/uploads\/2020\/04\/Hantel-02.png",1817,1072,false],"thumbnail":["https:\/\/www.tv-schafbruecke.de\/wp-content\/uploads\/2020\/04\/Hantel-02.png",150,88,false],"medium":["https:\/\/www.tv-schafbruecke.de\/wp-content\/uploads\/2020\/04\/Hantel-02.png",300,177,false],"medium_large":["https:\/\/www.tv-schafbruecke.de\/wp-content\/uploads\/2020\/04\/Hantel-02.png",580,342,false],"large":["https:\/\/www.tv-schafbruecke.de\/wp-content\/uploads\/2020\/04\/Hantel-02.png",580,342,false],"1536x1536":["https:\/\/www.tv-schafbruecke.de\/wp-content\/uploads\/2020\/04\/Hantel-02.png",1536,906,false],"2048x2048":["https:\/\/www.tv-schafbruecke.de\/wp-content\/uploads\/2020\/04\/Hantel-02.png",1817,1072,false],"post-thumbnail":["https:\/\/www.tv-schafbruecke.de\/wp-content\/uploads\/2020\/04\/Hantel-02.png",1200,708,false],"twentytwenty-fullscreen":["https:\/\/www.tv-schafbruecke.de\/wp-content\/uploads\/2020\/04\/Hantel-02.png",1817,1072,false]},"uagb_author_info":{"display_name":"tvadmin","author_link":"https:\/\/www.tv-schafbruecke.de\/index.php\/author\/tvadmin\/"},"uagb_comment_info":0,"uagb_excerpt":"Kraft und Fitness f\u00fcr M\u00e4nner Das Fitnessstudio in der Turnhalle: Unser Angebot f\u00fcr M\u00e4nner (ab 40 Jahre) verbindet Gesundheitssport und Fitnesstraining mit Spiel und Geselligkeit. Fitness- und Rehabilitationstrainer Ole M\u00fcller bietet den Teilnehmern ein vielf\u00e4ltiges Circuit- und Stationentraining mit Musik sowie Kraft- und Koordinations\u00fcbungen zur Pr\u00e4vention und Erhalt der Leistungsf\u00e4higkeit. Termin: Mittwoch 20 -21.30 Uhr&hellip;","_links":{"self":[{"href":"https:\/\/www.tv-schafbruecke.de\/index.php\/wp-json\/wp\/v2\/pages\/152","targetHints":{"allow":["GET"]}}],"collection":[{"href":"https:\/\/www.tv-schafbruecke.de\/index.php\/wp-json\/wp\/v2\/pages"}],"about":[{"href":"https:\/\/www.tv-schafbruecke.de\/index.php\/wp-json\/wp\/v2\/types\/page"}],"author":[{"embeddable":true,"href":"https:\/\/www.tv-schafbruecke.de\/index.php\/wp-json\/wp\/v2\/users\/1"}],"replies":[{"embeddable":true,"href":"https:\/\/www.tv-schafbruecke.de\/index.php\/wp-json\/wp\/v2\/comments?post=152"}],"version-history":[{"count":10,"href":"https:\/\/www.tv-schafbruecke.de\/index.php\/wp-json\/wp\/v2\/pages\/152\/revisions"}],"predecessor-version":[{"id":853,"href":"https:\/\/www.tv-schafbruecke.de\/index.php\/wp-json\/wp\/v2\/pages\/152\/revisions\/853"}],"wp:featuredmedia":[{"embeddable":true,"href":"https:\/\/www.tv-schafbruecke.de\/index.php\/wp-json\/wp\/v2\/media\/129"}],"wp:attachment":[{"href":"https:\/\/www.tv-schafbruecke.de\/index.php\/wp-json\/wp\/v2\/media?parent=152"}],"curies":[{"name":"wp","href":"https:\/\/api.w.org\/{rel}","templated":true}]}}